




{"id":2761,"date":"2025-04-18T06:02:18","date_gmt":"2025-04-18T06:02:18","guid":{"rendered":"https:\/\/orin.coffee\/dostava-info\/"},"modified":"2025-08-30T10:37:17","modified_gmt":"2025-08-30T08:37:17","slug":"dostava-info","status":"publish","type":"page","link":"https:\/\/orin.coffee\/en\/orin-coffee-slovenska-prazarna-kave\/dostava-info\/","title":{"rendered":"Delivery info"},"content":{"rendered":"<div data-elementor-type=\"wp-page\" data-elementor-id=\"2761\" class=\"elementor elementor-2761\" data-elementor-post-type=\"page\">\n\t\t\t\t<div class=\"elementor-element elementor-element-7306af98 e-flex e-con-boxed e-con e-parent\" data-id=\"7306af98\" data-element_type=\"container\" data-e-type=\"container\">\n\t\t\t\t\t<div class=\"e-con-inner\">\n\t\t\t\t<div class=\"elementor-element elementor-element-6c8ce1ca subtitle-position-above elementor-widget elementor-widget-heading\" data-id=\"6c8ce1ca\" data-element_type=\"widget\" data-e-type=\"widget\" data-widget_type=\"heading.default\">\n\t\t\t\t<div class=\"elementor-widget-container\">\n\t\t\t\t\t<div class=\"elementor-heading-wrapper-inner\"><h1 class=\"elementor-heading-title elementor-size-xxl\">Delivery<\/h1><\/div>\t\t\t\t<\/div>\n\t\t\t\t<\/div>\n\t\t\t\t\t<\/div>\n\t\t\t\t<\/div>\n\t\t<div class=\"elementor-element elementor-element-a5c941b e-flex e-con-boxed e-con e-parent\" data-id=\"a5c941b\" data-element_type=\"container\" data-e-type=\"container\">\n\t\t\t\t\t<div class=\"e-con-inner\">\n\t\t<div class=\"elementor-element elementor-element-5832a65c e-con-full elementor-hidden-mobile_extra elementor-hidden-mobile e-flex e-con e-child\" data-id=\"5832a65c\" data-element_type=\"container\" data-e-type=\"container\">\n\t\t\t\t<div class=\"elementor-element elementor-element-66f2206 elementor-widget elementor-widget-image\" data-id=\"66f2206\" data-element_type=\"widget\" data-e-type=\"widget\" data-widget_type=\"image.default\">\n\t\t\t\t<div class=\"elementor-widget-container\">\n\t\t\t\t\t\t\t\t\t\t\t\t\t\t\t<img decoding=\"async\" width=\"70\" height=\"70\" src=\"https:\/\/orin.coffee\/wp-content\/uploads\/2024\/05\/hom3-ship.svg\" class=\"attachment-large size-large wp-image-462\" alt=\"\" \/>\t\t\t\t\t\t\t\t\t\t\t\t\t\t\t<\/div>\n\t\t\t\t<\/div>\n\t\t\t\t<\/div>\n\t\t<div class=\"elementor-element elementor-element-1b701454 e-con-full e-flex e-con e-child\" data-id=\"1b701454\" data-element_type=\"container\" data-e-type=\"container\">\n\t\t\t\t<div class=\"elementor-element elementor-element-6544c8b4 elementor-widget elementor-widget-text-editor\" data-id=\"6544c8b4\" data-element_type=\"widget\" data-e-type=\"widget\" data-widget_type=\"text-editor.default\">\n\t\t\t\t<div class=\"elementor-widget-container\">\n\t\t\t\t\t\t\t\t\t<p>We use Post Slovenia and DPD for delivery across Slovenia. For international shipments, we use DPD.<\/p><p><strong>Delivery times<\/strong><\/p><ul><li><strong>Items in stock:<\/strong> Delivery in 3-5 working days.<\/li><li><strong>Items out of stock:<\/strong> Average delivery 14 days.<\/li><li><strong>Freshly roasted coffee:<\/strong> We take every order until 12 noon on Friday, then roast the coffee the following week and ship it out no later than the second day after roasting.<\/li><\/ul><p><strong>Delivery costs<\/strong><\/p><ul data-spread=\"false\"><li><strong>Delivery in Slovenia:<\/strong> 4.5 EUR fixed<\/li><li><strong>International delivery:<\/strong> 25 EUR fixed<\/li><li><strong>Free shipping:<\/strong> For orders over \u20ac150<\/li><\/ul><p><strong>Stock notifications<\/strong><\/p><p>We will keep you informed by e-mail of any longer delivery times or undeliverable items. If you are not happy with a longer delivery time, you can let us know and we will remove the item from your order or replace it with another one.<\/p><p><strong>Christmas delivery<\/strong><\/p><p>For on-time delivery before the holidays, order by:<\/p><ul data-spread=\"false\"><li><strong>Slovenia:<\/strong> 18 December<\/li><li><strong>International delivery:<\/strong> 10 December<\/li><\/ul><p>You will receive all delivery information by e-mail as soon as your order is dispatched.<\/p>\t\t\t\t\t\t\t\t<\/div>\n\t\t\t\t<\/div>\n\t\t\t\t<\/div>\n\t\t\t\t\t<\/div>\n\t\t\t\t<\/div>\n\t\t\t\t<\/div>","protected":false},"excerpt":{"rendered":"<p>Dostava Za dostavo po Sloveniji uporabljamo Po\u0161to Slovenije in DPD. Pri mednarodnih po\u0161iljkah uporabljamo DPD. Dobavni roki Artikli na zalogi: Dostava v 3-5 delovnih dneh. Artikli, ki niso na zalogi: Dobava v povpre\u010dju 14 dni. Sve\u017ee pra\u017eena kava: Vsako naro\u010dilo sprejmemo do petka do 12 ure, nato kavo pra\u017eimo prihodnji teden in jo odpremimo najkasneje [&hellip;]<\/p>\n","protected":false},"author":1,"featured_media":0,"parent":129,"menu_order":0,"comment_status":"closed","ping_status":"closed","template":"elementor_theme","meta":{"footnotes":""},"class_list":["post-2761","page","type-page","status-publish","hentry"],"yoast_head":"<!-- This site is optimized with the Yoast SEO plugin v27.4 - https:\/\/yoast.com\/product\/yoast-seo-wordpress\/ -->\n<title>Dostava info - \u00d8rin Coffee<\/title>\n<meta name=\"robots\" content=\"index, follow, max-snippet:-1, max-image-preview:large, max-video-preview:-1\" \/>\n<link rel=\"canonical\" href=\"https:\/\/orin.coffee\/en\/orin-coffee-slovenska-prazarna-kave\/dostava-info\/\" \/>\n<meta property=\"og:locale\" content=\"en_US\" \/>\n<meta property=\"og:type\" content=\"article\" \/>\n<meta property=\"og:title\" content=\"Dostava info - \u00d8rin Coffee\" \/>\n<meta property=\"og:description\" content=\"Dostava Za dostavo po Sloveniji uporabljamo Po\u0161to Slovenije in DPD. Pri mednarodnih po\u0161iljkah uporabljamo DPD. Dobavni roki Artikli na zalogi: Dostava v 3-5 delovnih dneh. Artikli, ki niso na zalogi: Dobava v povpre\u010dju 14 dni. Sve\u017ee pra\u017eena kava: Vsako naro\u010dilo sprejmemo do petka do 12 ure, nato kavo pra\u017eimo prihodnji teden in jo odpremimo najkasneje [&hellip;]\" \/>\n<meta property=\"og:url\" content=\"https:\/\/orin.coffee\/en\/orin-coffee-slovenska-prazarna-kave\/dostava-info\/\" \/>\n<meta property=\"og:site_name\" content=\"\u00d8rin Coffee\" \/>\n<meta property=\"article:publisher\" content=\"https:\/\/www.facebook.com\/OrinCoffee.si\" \/>\n<meta property=\"article:modified_time\" content=\"2025-08-30T08:37:17+00:00\" \/>\n<meta name=\"twitter:card\" content=\"summary_large_image\" \/>\n<meta name=\"twitter:label1\" content=\"Est. reading time\" \/>\n\t<meta name=\"twitter:data1\" content=\"2 minutes\" \/>\n<script type=\"application\/ld+json\" class=\"yoast-schema-graph\">{\"@context\":\"https:\\\/\\\/schema.org\",\"@graph\":[{\"@type\":\"WebPage\",\"@id\":\"https:\\\/\\\/orin.coffee\\\/orin-coffee-slovenska-prazarna-kave\\\/dostava-info\\\/\",\"url\":\"https:\\\/\\\/orin.coffee\\\/orin-coffee-slovenska-prazarna-kave\\\/dostava-info\\\/\",\"name\":\"Dostava info - \u00d8rin Coffee\",\"isPartOf\":{\"@id\":\"https:\\\/\\\/orin.coffee\\\/#website\"},\"primaryImageOfPage\":{\"@id\":\"https:\\\/\\\/orin.coffee\\\/orin-coffee-slovenska-prazarna-kave\\\/dostava-info\\\/#primaryimage\"},\"image\":{\"@id\":\"https:\\\/\\\/orin.coffee\\\/orin-coffee-slovenska-prazarna-kave\\\/dostava-info\\\/#primaryimage\"},\"thumbnailUrl\":\"https:\\\/\\\/orin.coffee\\\/wp-content\\\/uploads\\\/2024\\\/05\\\/hom3-ship.svg\",\"datePublished\":\"2025-04-18T06:02:18+00:00\",\"dateModified\":\"2025-08-30T08:37:17+00:00\",\"breadcrumb\":{\"@id\":\"https:\\\/\\\/orin.coffee\\\/orin-coffee-slovenska-prazarna-kave\\\/dostava-info\\\/#breadcrumb\"},\"inLanguage\":\"en-US\",\"potentialAction\":[{\"@type\":\"ReadAction\",\"target\":[\"https:\\\/\\\/orin.coffee\\\/orin-coffee-slovenska-prazarna-kave\\\/dostava-info\\\/\"]}]},{\"@type\":\"ImageObject\",\"inLanguage\":\"en-US\",\"@id\":\"https:\\\/\\\/orin.coffee\\\/orin-coffee-slovenska-prazarna-kave\\\/dostava-info\\\/#primaryimage\",\"url\":\"https:\\\/\\\/orin.coffee\\\/wp-content\\\/uploads\\\/2024\\\/05\\\/hom3-ship.svg\",\"contentUrl\":\"https:\\\/\\\/orin.coffee\\\/wp-content\\\/uploads\\\/2024\\\/05\\\/hom3-ship.svg\"},{\"@type\":\"BreadcrumbList\",\"@id\":\"https:\\\/\\\/orin.coffee\\\/orin-coffee-slovenska-prazarna-kave\\\/dostava-info\\\/#breadcrumb\",\"itemListElement\":[{\"@type\":\"ListItem\",\"position\":1,\"name\":\"Home\",\"item\":\"https:\\\/\\\/orin.coffee\\\/\"},{\"@type\":\"ListItem\",\"position\":2,\"name\":\"About us\",\"item\":\"https:\\\/\\\/orin.coffee\\\/orin-coffee-slovenska-prazarna-kave\\\/\"},{\"@type\":\"ListItem\",\"position\":3,\"name\":\"Dostava info\"}]},{\"@type\":\"WebSite\",\"@id\":\"https:\\\/\\\/orin.coffee\\\/#website\",\"url\":\"https:\\\/\\\/orin.coffee\\\/\",\"name\":\"Orin Coffee\",\"description\":\"Clean. Fresh. Redefined Coffee.\",\"publisher\":{\"@id\":\"https:\\\/\\\/orin.coffee\\\/#organization\"},\"potentialAction\":[{\"@type\":\"SearchAction\",\"target\":{\"@type\":\"EntryPoint\",\"urlTemplate\":\"https:\\\/\\\/orin.coffee\\\/?s={search_term_string}\"},\"query-input\":{\"@type\":\"PropertyValueSpecification\",\"valueRequired\":true,\"valueName\":\"search_term_string\"}}],\"inLanguage\":\"en-US\"},{\"@type\":\"Organization\",\"@id\":\"https:\\\/\\\/orin.coffee\\\/#organization\",\"name\":\"Orin Coffee\",\"url\":\"https:\\\/\\\/orin.coffee\\\/\",\"logo\":{\"@type\":\"ImageObject\",\"inLanguage\":\"en-US\",\"@id\":\"https:\\\/\\\/orin.coffee\\\/#\\\/schema\\\/logo\\\/image\\\/\",\"url\":\"https:\\\/\\\/orin.coffee\\\/wp-content\\\/uploads\\\/ele-custom-shapes\\\/orin-logo-alternative.png\",\"contentUrl\":\"https:\\\/\\\/orin.coffee\\\/wp-content\\\/uploads\\\/ele-custom-shapes\\\/orin-logo-alternative.png\",\"width\":400,\"height\":300,\"caption\":\"Orin Coffee\"},\"image\":{\"@id\":\"https:\\\/\\\/orin.coffee\\\/#\\\/schema\\\/logo\\\/image\\\/\"},\"sameAs\":[\"https:\\\/\\\/www.facebook.com\\\/OrinCoffee.si\",\"https:\\\/\\\/www.instagram.com\\\/orincoffee.si\"]}]}<\/script>\n<!-- \/ Yoast SEO plugin. -->","yoast_head_json":{"title":"Dostava info - \u00d8rin Coffee","robots":{"index":"index","follow":"follow","max-snippet":"max-snippet:-1","max-image-preview":"max-image-preview:large","max-video-preview":"max-video-preview:-1"},"canonical":"https:\/\/orin.coffee\/en\/orin-coffee-slovenska-prazarna-kave\/dostava-info\/","og_locale":"en_US","og_type":"article","og_title":"Dostava info - \u00d8rin Coffee","og_description":"Dostava Za dostavo po Sloveniji uporabljamo Po\u0161to Slovenije in DPD. Pri mednarodnih po\u0161iljkah uporabljamo DPD. Dobavni roki Artikli na zalogi: Dostava v 3-5 delovnih dneh. Artikli, ki niso na zalogi: Dobava v povpre\u010dju 14 dni. Sve\u017ee pra\u017eena kava: Vsako naro\u010dilo sprejmemo do petka do 12 ure, nato kavo pra\u017eimo prihodnji teden in jo odpremimo najkasneje [&hellip;]","og_url":"https:\/\/orin.coffee\/en\/orin-coffee-slovenska-prazarna-kave\/dostava-info\/","og_site_name":"\u00d8rin Coffee","article_publisher":"https:\/\/www.facebook.com\/OrinCoffee.si","article_modified_time":"2025-08-30T08:37:17+00:00","twitter_card":"summary_large_image","twitter_misc":{"Est. reading time":"2 minutes"},"schema":{"@context":"https:\/\/schema.org","@graph":[{"@type":"WebPage","@id":"https:\/\/orin.coffee\/orin-coffee-slovenska-prazarna-kave\/dostava-info\/","url":"https:\/\/orin.coffee\/orin-coffee-slovenska-prazarna-kave\/dostava-info\/","name":"Dostava info - \u00d8rin Coffee","isPartOf":{"@id":"https:\/\/orin.coffee\/#website"},"primaryImageOfPage":{"@id":"https:\/\/orin.coffee\/orin-coffee-slovenska-prazarna-kave\/dostava-info\/#primaryimage"},"image":{"@id":"https:\/\/orin.coffee\/orin-coffee-slovenska-prazarna-kave\/dostava-info\/#primaryimage"},"thumbnailUrl":"https:\/\/orin.coffee\/wp-content\/uploads\/2024\/05\/hom3-ship.svg","datePublished":"2025-04-18T06:02:18+00:00","dateModified":"2025-08-30T08:37:17+00:00","breadcrumb":{"@id":"https:\/\/orin.coffee\/orin-coffee-slovenska-prazarna-kave\/dostava-info\/#breadcrumb"},"inLanguage":"en-US","potentialAction":[{"@type":"ReadAction","target":["https:\/\/orin.coffee\/orin-coffee-slovenska-prazarna-kave\/dostava-info\/"]}]},{"@type":"ImageObject","inLanguage":"en-US","@id":"https:\/\/orin.coffee\/orin-coffee-slovenska-prazarna-kave\/dostava-info\/#primaryimage","url":"https:\/\/orin.coffee\/wp-content\/uploads\/2024\/05\/hom3-ship.svg","contentUrl":"https:\/\/orin.coffee\/wp-content\/uploads\/2024\/05\/hom3-ship.svg"},{"@type":"BreadcrumbList","@id":"https:\/\/orin.coffee\/orin-coffee-slovenska-prazarna-kave\/dostava-info\/#breadcrumb","itemListElement":[{"@type":"ListItem","position":1,"name":"Home","item":"https:\/\/orin.coffee\/"},{"@type":"ListItem","position":2,"name":"About us","item":"https:\/\/orin.coffee\/orin-coffee-slovenska-prazarna-kave\/"},{"@type":"ListItem","position":3,"name":"Dostava info"}]},{"@type":"WebSite","@id":"https:\/\/orin.coffee\/#website","url":"https:\/\/orin.coffee\/","name":"Orin Coffee","description":"Clean. Fresh. Redefined Coffee.","publisher":{"@id":"https:\/\/orin.coffee\/#organization"},"potentialAction":[{"@type":"SearchAction","target":{"@type":"EntryPoint","urlTemplate":"https:\/\/orin.coffee\/?s={search_term_string}"},"query-input":{"@type":"PropertyValueSpecification","valueRequired":true,"valueName":"search_term_string"}}],"inLanguage":"en-US"},{"@type":"Organization","@id":"https:\/\/orin.coffee\/#organization","name":"Orin Coffee","url":"https:\/\/orin.coffee\/","logo":{"@type":"ImageObject","inLanguage":"en-US","@id":"https:\/\/orin.coffee\/#\/schema\/logo\/image\/","url":"https:\/\/orin.coffee\/wp-content\/uploads\/ele-custom-shapes\/orin-logo-alternative.png","contentUrl":"https:\/\/orin.coffee\/wp-content\/uploads\/ele-custom-shapes\/orin-logo-alternative.png","width":400,"height":300,"caption":"Orin Coffee"},"image":{"@id":"https:\/\/orin.coffee\/#\/schema\/logo\/image\/"},"sameAs":["https:\/\/www.facebook.com\/OrinCoffee.si","https:\/\/www.instagram.com\/orincoffee.si"]}]}},"_links":{"self":[{"href":"https:\/\/orin.coffee\/en\/wp-json\/wp\/v2\/pages\/2761","targetHints":{"allow":["GET"]}}],"collection":[{"href":"https:\/\/orin.coffee\/en\/wp-json\/wp\/v2\/pages"}],"about":[{"href":"https:\/\/orin.coffee\/en\/wp-json\/wp\/v2\/types\/page"}],"author":[{"embeddable":true,"href":"https:\/\/orin.coffee\/en\/wp-json\/wp\/v2\/users\/1"}],"replies":[{"embeddable":true,"href":"https:\/\/orin.coffee\/en\/wp-json\/wp\/v2\/comments?post=2761"}],"version-history":[{"count":3,"href":"https:\/\/orin.coffee\/en\/wp-json\/wp\/v2\/pages\/2761\/revisions"}],"predecessor-version":[{"id":5540,"href":"https:\/\/orin.coffee\/en\/wp-json\/wp\/v2\/pages\/2761\/revisions\/5540"}],"up":[{"embeddable":true,"href":"https:\/\/orin.coffee\/en\/wp-json\/wp\/v2\/pages\/129"}],"wp:attachment":[{"href":"https:\/\/orin.coffee\/en\/wp-json\/wp\/v2\/media?parent=2761"}],"curies":[{"name":"wp","href":"https:\/\/api.w.org\/{rel}","templated":true}]}}