{"id":2773,"date":"2025-04-18T06:02:20","date_gmt":"2025-04-18T06:02:20","guid":{"rendered":"https:\/\/orin.coffee\/wholesale-povprasevanje\/"},"modified":"2025-04-30T05:45:00","modified_gmt":"2025-04-30T05:45:00","slug":"wholesale-povprasevanje","status":"publish","type":"page","link":"https:\/\/orin.coffee\/en\/veleprodaja-kave\/wholesale-povprasevanje\/","title":{"rendered":"wholesale inquiry"},"content":{"rendered":"<div data-elementor-type=\"wp-page\" data-elementor-id=\"2773\" class=\"elementor elementor-2773\" data-elementor-post-type=\"page\">\n\t\t\t\t<div class=\"elementor-element elementor-element-189856e e-con-full e-flex e-con e-parent\" data-id=\"189856e\" data-element_type=\"container\" data-e-type=\"container\" data-settings=\"{&quot;background_background&quot;:&quot;classic&quot;}\">\n\t\t\t\t<div class=\"elementor-element elementor-element-00eb6e5 subtitle-position-above elementor-widget elementor-widget-heading\" data-id=\"00eb6e5\" data-element_type=\"widget\" data-e-type=\"widget\" data-widget_type=\"heading.default\">\n\t\t\t\t<div class=\"elementor-widget-container\">\n\t\t\t\t\t<div class=\"elementor-heading-wrapper-inner\"><h2 class=\"elementor-heading-title elementor-size-xxl\">WHOLESALE INQUIRY<\/h2><\/div>\t\t\t\t<\/div>\n\t\t\t\t<\/div>\n\t\t\t\t<div class=\"elementor-element elementor-element-ac54c60 elementor-widget elementor-widget-arucafe-contactform\" data-id=\"ac54c60\" data-element_type=\"widget\" data-e-type=\"widget\" data-widget_type=\"arucafe-contactform.default\">\n\t\t\t\t<div class=\"elementor-widget-container\">\n\t\t\t\t\t\n<div class=\"wpcf7 no-js\" id=\"wpcf7-f2744-o1\" lang=\"en-US\" dir=\"ltr\" data-wpcf7-id=\"2744\">\n<div class=\"screen-reader-response\"><p role=\"status\" aria-live=\"polite\" aria-atomic=\"true\"><\/p> <ul><\/ul><\/div>\n<form action=\"\/en\/wp-json\/wp\/v2\/pages\/2773#wpcf7-f2744-o1\" method=\"post\" class=\"wpcf7-form init\" aria-label=\"Contact form\" novalidate=\"novalidate\" data-status=\"init\" data-trp-original-action=\"\/en\/wp-json\/wp\/v2\/pages\/2773#wpcf7-f2744-o1\">\n<fieldset class=\"hidden-fields-container\"><input type=\"hidden\" name=\"_wpcf7\" value=\"2744\" \/><input type=\"hidden\" name=\"_wpcf7_version\" value=\"6.1.5\" \/><input type=\"hidden\" name=\"_wpcf7_locale\" value=\"en_US\" \/><input type=\"hidden\" name=\"_wpcf7_unit_tag\" value=\"wpcf7-f2744-o1\" \/><input type=\"hidden\" name=\"_wpcf7_container_post\" value=\"0\" \/><input type=\"hidden\" name=\"_wpcf7_posted_data_hash\" value=\"\" \/>\n<\/fieldset>\n<div class =\"contact-form contact-form-align contact-form-style-icon\">\n\t<div class = \"contact-form-wrapper\">\n\t\t<div class =\"form-1 form-horizontal\">\n\t\t\t<p><span class=\"wpcf7-form-control-wrap\" data-name=\"your-name\"><input size=\"40\" maxlength=\"400\" class=\"wpcf7-form-control wpcf7-text wpcf7-validates-as-required form-name\" autocomplete=\"name\" aria-required=\"true\" aria-invalid=\"false\" placeholder=\"Name\/title of company\" value=\"\" type=\"text\" name=\"your-name\" \/><\/span><span class=\"wpcf7-form-control-wrap\" data-name=\"davcna\"><input size=\"40\" maxlength=\"400\" class=\"wpcf7-form-control wpcf7-text wpcf7-validates-as-required form-note\" aria-required=\"true\" aria-invalid=\"false\" placeholder=\"Company tax number\" value=\"\" type=\"text\" name=\"davcna\" \/><\/span>\n\t\t\t<\/p>\n\t\t<\/div>\n\t\t<div class =\"form-1 form-horizontal\">\n\t\t\t<p><span class=\"wpcf7-form-control-wrap\" data-name=\"your-email\"><input size=\"40\" maxlength=\"400\" class=\"wpcf7-form-control wpcf7-email wpcf7-validates-as-required wpcf7-text wpcf7-validates-as-email form-email\" autocomplete=\"name\" aria-required=\"true\" aria-invalid=\"false\" placeholder=\"Email\" value=\"\" type=\"email\" name=\"your-email\" \/><\/span><span class=\"wpcf7-form-control-wrap\" data-name=\"your-phone\"><input size=\"40\" maxlength=\"400\" class=\"wpcf7-form-control wpcf7-text wpcf7-validates-as-required form-phone-number\" aria-required=\"true\" aria-invalid=\"false\" placeholder=\"Phone\" value=\"\" type=\"text\" name=\"your-phone\" \/><\/span>\n\t\t\t<\/p>\n\t\t<\/div>\n\t\t<p>Business type:\n\t\t<\/p>\n\t\t<div class =\"form-1 form-horizontal\">\n\t\t\t<p><span class=\"wpcf7-form-control-wrap\" data-name=\"tip_poslovanja\"><span class=\"wpcf7-form-control wpcf7-radio\"><span class=\"wpcf7-list-item first\"><label><input type=\"radio\" name=\"tip_poslovanja\" value=\"Kavarna \/ coffee shop\" \/><span class=\"wpcf7-list-item-label\">Cafe \/ coffee shop<\/span><\/label><\/span><span class=\"wpcf7-list-item\"><label><input type=\"radio\" name=\"tip_poslovanja\" value=\"Restavracija\" \/><span class=\"wpcf7-list-item-label\">Restaurant<\/span><\/label><\/span><span class=\"wpcf7-list-item last\"><label><input type=\"radio\" name=\"tip_poslovanja\" value=\"Pisarna\" \/><span class=\"wpcf7-list-item-label\">Office<\/span><\/label><\/span><\/span><\/span><span class=\"wpcf7-form-control-wrap\" data-name=\"tip_poslovanja\"><span class=\"wpcf7-form-control wpcf7-radio\"><span class=\"wpcf7-list-item first\"><label><input type=\"radio\" name=\"tip_poslovanja\" value=\"Specialty coffee shop\" \/><span class=\"wpcf7-list-item-label\">Specialty coffee shop<\/span><\/label><\/span><span class=\"wpcf7-list-item\"><label><input type=\"radio\" name=\"tip_poslovanja\" value=\"Hotel\" \/><span class=\"wpcf7-list-item-label\">Hotel<\/span><\/label><\/span><span class=\"wpcf7-list-item last\"><label><input type=\"radio\" name=\"tip_poslovanja\" value=\"Trgovina\" \/><span class=\"wpcf7-list-item-label\">Shop<\/span><\/label><\/span><\/span><\/span><span class=\"wpcf7-form-control-wrap\" data-name=\"tip_poslovanja\"><span class=\"wpcf7-form-control wpcf7-radio\"><span class=\"wpcf7-list-item first\"><label><input type=\"radio\" name=\"tip_poslovanja\" value=\"Bar\" \/><span class=\"wpcf7-list-item-label\">Bar<\/span><\/label><\/span><span class=\"wpcf7-list-item last\"><label><input type=\"radio\" name=\"tip_poslovanja\" value=\"Mobilna kavarna\" \/><span class=\"wpcf7-list-item-label\">Mobile cafe<\/span><\/label><\/span><\/span><\/span>\n\t\t\t<\/p>\n\t\t<\/div>\n\t\t<div class=\"column-tablet-12 column-12\">\n\t\t\t<p><span class=\"wpcf7-form-control-wrap\" data-name=\"kolicina-kave\"><input size=\"40\" maxlength=\"400\" class=\"wpcf7-form-control wpcf7-text wpcf7-validates-as-required form-note\" aria-required=\"true\" aria-invalid=\"false\" placeholder=\"What is your estimated monthly coffee consumption?*\" value=\"\" type=\"text\" name=\"kolicina-kave\" \/><\/span>\n\t\t\t<\/p>\n\t\t<\/div>\n\t\t<div class=\"column-tablet-12 column-12\">\n\t\t\t<p><span class=\"wpcf7-form-control-wrap\" data-name=\"oprema\"><input size=\"40\" maxlength=\"400\" class=\"wpcf7-form-control wpcf7-text wpcf7-validates-as-required form-note\" aria-required=\"true\" aria-invalid=\"false\" placeholder=\"What coffee equipment would you need? *\" value=\"\" type=\"text\" name=\"oprema\" \/><\/span>\n\t\t\t<\/p>\n\t\t<\/div>\n\t\t<div class=\"column-tablet-12 column-12\">\n\t\t\t<p><span class=\"wpcf7-form-control-wrap\" data-name=\"dodatne-zelje\"><textarea cols=\"40\" rows=\"10\" maxlength=\"2000\" class=\"wpcf7-form-control wpcf7-textarea form-note\" aria-invalid=\"false\" placeholder=\"Your additional wishes?\" name=\"dodatne-zelje\"><\/textarea><\/span>\n\t\t\t<\/p>\n\t\t<\/div>\n\t\t<div class=\"column-tablet-12 column-12 button-submit\">\n\t\t\t<p><button class=\"has-spinner button\" type=\"submit\" value=\"submit\"><span>Send enquiry<\/span><i class=\"arucafe-icon-arrow-up-right\"><\/i><\/button>\n\t\t\t<\/p>\n\t\t<\/div>\n\t<\/div>\n<\/div><p style=\"display: none !important;\" class=\"akismet-fields-container\" data-prefix=\"_wpcf7_ak_\"><label>\u0394<textarea name=\"_wpcf7_ak_hp_textarea\" cols=\"45\" rows=\"8\" maxlength=\"100\"><\/textarea><\/label><input type=\"hidden\" id=\"ak_js_1\" name=\"_wpcf7_ak_js\" value=\"142\"\/><script>\ndocument.getElementById( \"ak_js_1\" ).setAttribute( \"value\", ( new Date() ).getTime() );\n<\/script>\n<\/p><div class=\"wpcf7-response-output\" aria-hidden=\"true\"><\/div>\n<input type=\"hidden\" name=\"trp-form-language\" value=\"en\"\/><\/form>\n<\/div>\n\t\t\t\t<\/div>\n\t\t\t\t<\/div>\n\t\t\t\t<\/div>\n\t\t\t\t<\/div>","protected":false},"excerpt":{"rendered":"<p>VELEPRODAJA POVPRA\u0160EVANJE Tip poslovanja: Kavarna \/ coffee shopRestavracijaPisarnaSpecialty coffee shopHotelTrgovinaBarMobilna kavarna Po\u0161ljite povpra\u0161evanje &#916;<\/p>","protected":false},"author":1,"featured_media":0,"parent":2764,"menu_order":0,"comment_status":"closed","ping_status":"closed","template":"template-homepage.php","meta":{"footnotes":""},"class_list":["post-2773","page","type-page","status-publish","hentry"],"yoast_head":"<!-- This site is optimized with the Yoast SEO plugin v27.5 - https:\/\/yoast.com\/product\/yoast-seo-wordpress\/ -->\n<title>wholesale povpra\u0161evanje - \u00d8rin Coffee<\/title>\n<meta name=\"robots\" content=\"index, follow, max-snippet:-1, max-image-preview:large, max-video-preview:-1\" \/>\n<link rel=\"canonical\" href=\"https:\/\/orin.coffee\/en\/veleprodaja-kave\/wholesale-povprasevanje\/\" \/>\n<meta property=\"og:locale\" content=\"en_US\" \/>\n<meta property=\"og:type\" content=\"article\" \/>\n<meta property=\"og:title\" content=\"wholesale povpra\u0161evanje - \u00d8rin Coffee\" \/>\n<meta property=\"og:description\" content=\"VELEPRODAJA POVPRA\u0160EVANJE Tip poslovanja: Kavarna \/ coffee shopRestavracijaPisarnaSpecialty coffee shopHotelTrgovinaBarMobilna kavarna Po\u0161ljite povpra\u0161evanje &#916;\" \/>\n<meta property=\"og:url\" content=\"https:\/\/orin.coffee\/en\/veleprodaja-kave\/wholesale-povprasevanje\/\" \/>\n<meta property=\"og:site_name\" content=\"\u00d8rin Coffee\" \/>\n<meta property=\"article:publisher\" content=\"https:\/\/www.facebook.com\/OrinCoffee.si\" \/>\n<meta property=\"article:modified_time\" content=\"2025-04-30T05:45:00+00:00\" \/>\n<meta name=\"twitter:card\" content=\"summary_large_image\" \/>\n<script type=\"application\/ld+json\" class=\"yoast-schema-graph\">{\"@context\":\"https:\\\/\\\/schema.org\",\"@graph\":[{\"@type\":\"WebPage\",\"@id\":\"https:\\\/\\\/orin.coffee\\\/veleprodaja-kave\\\/wholesale-povprasevanje\\\/\",\"url\":\"https:\\\/\\\/orin.coffee\\\/veleprodaja-kave\\\/wholesale-povprasevanje\\\/\",\"name\":\"wholesale povpra\u0161evanje - \u00d8rin Coffee\",\"isPartOf\":{\"@id\":\"https:\\\/\\\/orin.coffee\\\/#website\"},\"datePublished\":\"2025-04-18T06:02:20+00:00\",\"dateModified\":\"2025-04-30T05:45:00+00:00\",\"breadcrumb\":{\"@id\":\"https:\\\/\\\/orin.coffee\\\/veleprodaja-kave\\\/wholesale-povprasevanje\\\/#breadcrumb\"},\"inLanguage\":\"en-US\",\"potentialAction\":[{\"@type\":\"ReadAction\",\"target\":[\"https:\\\/\\\/orin.coffee\\\/veleprodaja-kave\\\/wholesale-povprasevanje\\\/\"]}]},{\"@type\":\"BreadcrumbList\",\"@id\":\"https:\\\/\\\/orin.coffee\\\/veleprodaja-kave\\\/wholesale-povprasevanje\\\/#breadcrumb\",\"itemListElement\":[{\"@type\":\"ListItem\",\"position\":1,\"name\":\"Home\",\"item\":\"https:\\\/\\\/orin.coffee\\\/\"},{\"@type\":\"ListItem\",\"position\":2,\"name\":\"VELEPRODAJA KAVE\",\"item\":\"https:\\\/\\\/orin.coffee\\\/veleprodaja-kave\\\/\"},{\"@type\":\"ListItem\",\"position\":3,\"name\":\"wholesale povpra\u0161evanje\"}]},{\"@type\":\"WebSite\",\"@id\":\"https:\\\/\\\/orin.coffee\\\/#website\",\"url\":\"https:\\\/\\\/orin.coffee\\\/\",\"name\":\"Orin Coffee\",\"description\":\"Clean. Fresh. Redefined Coffee.\",\"publisher\":{\"@id\":\"https:\\\/\\\/orin.coffee\\\/#organization\"},\"potentialAction\":[{\"@type\":\"SearchAction\",\"target\":{\"@type\":\"EntryPoint\",\"urlTemplate\":\"https:\\\/\\\/orin.coffee\\\/?s={search_term_string}\"},\"query-input\":{\"@type\":\"PropertyValueSpecification\",\"valueRequired\":true,\"valueName\":\"search_term_string\"}}],\"inLanguage\":\"en-US\"},{\"@type\":\"Organization\",\"@id\":\"https:\\\/\\\/orin.coffee\\\/#organization\",\"name\":\"Orin Coffee\",\"url\":\"https:\\\/\\\/orin.coffee\\\/\",\"logo\":{\"@type\":\"ImageObject\",\"inLanguage\":\"en-US\",\"@id\":\"https:\\\/\\\/orin.coffee\\\/#\\\/schema\\\/logo\\\/image\\\/\",\"url\":\"https:\\\/\\\/orin.coffee\\\/wp-content\\\/uploads\\\/ele-custom-shapes\\\/orin-logo-alternative.png\",\"contentUrl\":\"https:\\\/\\\/orin.coffee\\\/wp-content\\\/uploads\\\/ele-custom-shapes\\\/orin-logo-alternative.png\",\"width\":400,\"height\":300,\"caption\":\"Orin Coffee\"},\"image\":{\"@id\":\"https:\\\/\\\/orin.coffee\\\/#\\\/schema\\\/logo\\\/image\\\/\"},\"sameAs\":[\"https:\\\/\\\/www.facebook.com\\\/OrinCoffee.si\",\"https:\\\/\\\/www.instagram.com\\\/orincoffee.si\"]}]}<\/script>\n<!-- \/ Yoast SEO plugin. -->","yoast_head_json":{"title":"wholesale povpra\u0161evanje - \u00d8rin Coffee","robots":{"index":"index","follow":"follow","max-snippet":"max-snippet:-1","max-image-preview":"max-image-preview:large","max-video-preview":"max-video-preview:-1"},"canonical":"https:\/\/orin.coffee\/en\/veleprodaja-kave\/wholesale-povprasevanje\/","og_locale":"en_US","og_type":"article","og_title":"wholesale povpra\u0161evanje - \u00d8rin Coffee","og_description":"VELEPRODAJA POVPRA\u0160EVANJE Tip poslovanja: Kavarna \/ coffee shopRestavracijaPisarnaSpecialty coffee shopHotelTrgovinaBarMobilna kavarna Po\u0161ljite povpra\u0161evanje &#916;","og_url":"https:\/\/orin.coffee\/en\/veleprodaja-kave\/wholesale-povprasevanje\/","og_site_name":"\u00d8rin Coffee","article_publisher":"https:\/\/www.facebook.com\/OrinCoffee.si","article_modified_time":"2025-04-30T05:45:00+00:00","twitter_card":"summary_large_image","schema":{"@context":"https:\/\/schema.org","@graph":[{"@type":"WebPage","@id":"https:\/\/orin.coffee\/veleprodaja-kave\/wholesale-povprasevanje\/","url":"https:\/\/orin.coffee\/veleprodaja-kave\/wholesale-povprasevanje\/","name":"wholesale povpra\u0161evanje - \u00d8rin Coffee","isPartOf":{"@id":"https:\/\/orin.coffee\/#website"},"datePublished":"2025-04-18T06:02:20+00:00","dateModified":"2025-04-30T05:45:00+00:00","breadcrumb":{"@id":"https:\/\/orin.coffee\/veleprodaja-kave\/wholesale-povprasevanje\/#breadcrumb"},"inLanguage":"en-US","potentialAction":[{"@type":"ReadAction","target":["https:\/\/orin.coffee\/veleprodaja-kave\/wholesale-povprasevanje\/"]}]},{"@type":"BreadcrumbList","@id":"https:\/\/orin.coffee\/veleprodaja-kave\/wholesale-povprasevanje\/#breadcrumb","itemListElement":[{"@type":"ListItem","position":1,"name":"Home","item":"https:\/\/orin.coffee\/"},{"@type":"ListItem","position":2,"name":"VELEPRODAJA KAVE","item":"https:\/\/orin.coffee\/veleprodaja-kave\/"},{"@type":"ListItem","position":3,"name":"wholesale povpra\u0161evanje"}]},{"@type":"WebSite","@id":"https:\/\/orin.coffee\/#website","url":"https:\/\/orin.coffee\/","name":"Orin Coffee","description":"Clean. Fresh. Redefined Coffee.","publisher":{"@id":"https:\/\/orin.coffee\/#organization"},"potentialAction":[{"@type":"SearchAction","target":{"@type":"EntryPoint","urlTemplate":"https:\/\/orin.coffee\/?s={search_term_string}"},"query-input":{"@type":"PropertyValueSpecification","valueRequired":true,"valueName":"search_term_string"}}],"inLanguage":"en-US"},{"@type":"Organization","@id":"https:\/\/orin.coffee\/#organization","name":"Orin Coffee","url":"https:\/\/orin.coffee\/","logo":{"@type":"ImageObject","inLanguage":"en-US","@id":"https:\/\/orin.coffee\/#\/schema\/logo\/image\/","url":"https:\/\/orin.coffee\/wp-content\/uploads\/ele-custom-shapes\/orin-logo-alternative.png","contentUrl":"https:\/\/orin.coffee\/wp-content\/uploads\/ele-custom-shapes\/orin-logo-alternative.png","width":400,"height":300,"caption":"Orin Coffee"},"image":{"@id":"https:\/\/orin.coffee\/#\/schema\/logo\/image\/"},"sameAs":["https:\/\/www.facebook.com\/OrinCoffee.si","https:\/\/www.instagram.com\/orincoffee.si"]}]}},"_links":{"self":[{"href":"https:\/\/orin.coffee\/en\/wp-json\/wp\/v2\/pages\/2773","targetHints":{"allow":["GET"]}}],"collection":[{"href":"https:\/\/orin.coffee\/en\/wp-json\/wp\/v2\/pages"}],"about":[{"href":"https:\/\/orin.coffee\/en\/wp-json\/wp\/v2\/types\/page"}],"author":[{"embeddable":true,"href":"https:\/\/orin.coffee\/en\/wp-json\/wp\/v2\/users\/1"}],"replies":[{"embeddable":true,"href":"https:\/\/orin.coffee\/en\/wp-json\/wp\/v2\/comments?post=2773"}],"version-history":[{"count":0,"href":"https:\/\/orin.coffee\/en\/wp-json\/wp\/v2\/pages\/2773\/revisions"}],"up":[{"embeddable":true,"href":"https:\/\/orin.coffee\/en\/wp-json\/wp\/v2\/pages\/2764"}],"wp:attachment":[{"href":"https:\/\/orin.coffee\/en\/wp-json\/wp\/v2\/media?parent=2773"}],"curies":[{"name":"wp","href":"https:\/\/api.w.org\/{rel}","templated":true}]}}