




{"id":2783,"date":"2025-04-18T06:02:28","date_gmt":"2025-04-18T06:02:28","guid":{"rendered":"https:\/\/orin.coffee\/kontakt\/"},"modified":"2025-08-08T00:10:32","modified_gmt":"2025-08-07T22:10:32","slug":"kontakt","status":"publish","type":"page","link":"https:\/\/orin.coffee\/en\/orin-coffee-slovenska-prazarna-kave\/kontakt\/","title":{"rendered":"Contact"},"content":{"rendered":"<div data-elementor-type=\"wp-page\" data-elementor-id=\"2783\" class=\"elementor elementor-2783\" data-elementor-post-type=\"page\">\n\t\t\t\t<div class=\"elementor-element elementor-element-710d71c8 e-flex e-con-boxed e-con e-parent\" data-id=\"710d71c8\" data-element_type=\"container\" data-e-type=\"container\">\n\t\t\t\t\t<div class=\"e-con-inner\">\n\t\t\t\t<div class=\"elementor-element elementor-element-6ef26c4e elementor-align-left subtitle-position-above elementor-widget elementor-widget-heading\" data-id=\"6ef26c4e\" data-element_type=\"widget\" data-e-type=\"widget\" data-widget_type=\"heading.default\">\n\t\t\t\t<div class=\"elementor-widget-container\">\n\t\t\t\t\t<div class=\"elementor-heading-wrapper-inner\"><h1 class=\"elementor-heading-title elementor-size-xxl\">Contact Us<\/h1><\/div>\t\t\t\t<\/div>\n\t\t\t\t<\/div>\n\t\t\t\t\t<\/div>\n\t\t\t\t<\/div>\n\t\t<div class=\"elementor-element elementor-element-236e8542 e-flex e-con-boxed e-con e-parent\" data-id=\"236e8542\" data-element_type=\"container\" data-e-type=\"container\">\n\t\t\t\t\t<div class=\"e-con-inner\">\n\t\t<div class=\"elementor-element elementor-element-8470913 e-con-full e-flex e-con e-child\" data-id=\"8470913\" data-element_type=\"container\" data-e-type=\"container\">\n\t\t\t\t<div class=\"elementor-element elementor-element-22907d63 elementor-widget elementor-widget-text-editor\" data-id=\"22907d63\" data-element_type=\"widget\" data-e-type=\"widget\" data-widget_type=\"text-editor.default\">\n\t\t\t\t<div class=\"elementor-widget-container\">\n\t\t\t\t\t\t\t\t\t<p>Simply contact us for more information about our services and cooperation.<\/p>\t\t\t\t\t\t\t\t<\/div>\n\t\t\t\t<\/div>\n\t\t\t\t<div class=\"elementor-element elementor-element-17ff72b5 elementor-position-left elementor-vertical-align-middle elementor-view-default elementor-mobile-position-top elementor-widget elementor-widget-icon-box\" data-id=\"17ff72b5\" data-element_type=\"widget\" data-e-type=\"widget\" data-widget_type=\"icon-box.default\">\n\t\t\t\t<div class=\"elementor-widget-container\">\n\t\t\t\t\t        <div class=\"elementor-icon-box-wrapper\">\n                    <div class=\"elementor-icon-box-icon\">\n            <span  class=\"elementor-icon elementor-animation-\">\n            <i aria-hidden=\"true\" class=\"arucafe-icon- arucafe-icon-phone-call-01\"><\/i>            <\/span>\n            <\/div>\n                <div class=\"elementor-icon-box-content\">\n        <h3 class=\"elementor-icon-box-title\">\n        <span  >\n        Phone        <\/span>\n        <\/h3>\n                    <p class=\"elementor-icon-box-description\">\n                +386 41 299 275            <\/p>\n                <\/div>\n        <\/div>\n        \t\t\t\t<\/div>\n\t\t\t\t<\/div>\n\t\t\t\t<div class=\"elementor-element elementor-element-ff33fc9 elementor-position-left elementor-vertical-align-middle elementor-view-default elementor-mobile-position-top elementor-widget elementor-widget-icon-box\" data-id=\"ff33fc9\" data-element_type=\"widget\" data-e-type=\"widget\" data-widget_type=\"icon-box.default\">\n\t\t\t\t<div class=\"elementor-widget-container\">\n\t\t\t\t\t        <div class=\"elementor-icon-box-wrapper\">\n                    <div class=\"elementor-icon-box-icon\">\n            <span  class=\"elementor-icon elementor-animation-\">\n            <i aria-hidden=\"true\" class=\"arucafe-icon- arucafe-icon-email-2\"><\/i>            <\/span>\n            <\/div>\n                <div class=\"elementor-icon-box-content\">\n        <h3 class=\"elementor-icon-box-title\">\n        <span  >\n        Email        <\/span>\n        <\/h3>\n                    <p class=\"elementor-icon-box-description\">\n                info@orin.coffee            <\/p>\n                <\/div>\n        <\/div>\n        \t\t\t\t<\/div>\n\t\t\t\t<\/div>\n\t\t\t\t<div class=\"elementor-element elementor-element-4a05b80c elementor-position-left elementor-vertical-align-middle elementor-vertical-align-top elementor-view-default elementor-mobile-position-top elementor-widget elementor-widget-icon-box\" data-id=\"4a05b80c\" data-element_type=\"widget\" data-e-type=\"widget\" data-widget_type=\"icon-box.default\">\n\t\t\t\t<div class=\"elementor-widget-container\">\n\t\t\t\t\t        <div class=\"elementor-icon-box-wrapper\">\n                    <div class=\"elementor-icon-box-icon\">\n            <span  class=\"elementor-icon elementor-animation-\">\n            <i aria-hidden=\"true\" class=\"arucafe-icon- arucafe-icon-location-1\"><\/i>            <\/span>\n            <\/div>\n                <div class=\"elementor-icon-box-content\">\n        <h3 class=\"elementor-icon-box-title\">\n        <span  >\n        Roastery        <\/span>\n        <\/h3>\n                    <p class=\"elementor-icon-box-description\">\n                Slovenska cesta 36, Menge\u0161            <\/p>\n                <\/div>\n        <\/div>\n        \t\t\t\t<\/div>\n\t\t\t\t<\/div>\n\t\t\t\t<\/div>\n\t\t<div class=\"elementor-element elementor-element-78835405 e-con-full e-flex e-con e-child\" data-id=\"78835405\" data-element_type=\"container\" data-e-type=\"container\" data-settings=\"{&quot;background_background&quot;:&quot;classic&quot;}\">\n\t\t\t\t<\/div>\n\t\t\t\t\t<\/div>\n\t\t\t\t<\/div>\n\t\t<div class=\"elementor-element elementor-element-b9e686d e-flex e-con-boxed e-con e-parent\" data-id=\"b9e686d\" data-element_type=\"container\" data-e-type=\"container\">\n\t\t\t\t\t<div class=\"e-con-inner\">\n\t\t\t\t<div class=\"elementor-element elementor-element-11c3eb68 elementor-align-center subtitle-position-above elementor-widget elementor-widget-heading\" data-id=\"11c3eb68\" data-element_type=\"widget\" data-e-type=\"widget\" data-widget_type=\"heading.default\">\n\t\t\t\t<div class=\"elementor-widget-container\">\n\t\t\t\t\t<div class=\"elementor-heading-wrapper-inner\"><h2 class=\"elementor-heading-title elementor-size-xxl\">Send us a message<\/h2><\/div>\t\t\t\t<\/div>\n\t\t\t\t<\/div>\n\t\t\t\t<div class=\"elementor-element elementor-element-e3ff899 elementor-widget elementor-widget-arucafe-contactform\" data-id=\"e3ff899\" data-element_type=\"widget\" data-e-type=\"widget\" data-widget_type=\"arucafe-contactform.default\">\n\t\t\t\t<div class=\"elementor-widget-container\">\n\t\t\t\t\t\n<div class=\"wpcf7 no-js\" id=\"wpcf7-f1195-o1\" lang=\"en-US\" dir=\"ltr\" data-wpcf7-id=\"1195\">\n<div class=\"screen-reader-response\"><p role=\"status\" aria-live=\"polite\" aria-atomic=\"true\"><\/p> <ul><\/ul><\/div>\n<form action=\"\/en\/wp-json\/wp\/v2\/pages\/2783#wpcf7-f1195-o1\" method=\"post\" class=\"wpcf7-form init\" aria-label=\"Contact form\" novalidate=\"novalidate\" data-status=\"init\" data-trp-original-action=\"\/en\/wp-json\/wp\/v2\/pages\/2783#wpcf7-f1195-o1\">\n<fieldset class=\"hidden-fields-container\"><input type=\"hidden\" name=\"_wpcf7\" value=\"1195\" \/><input type=\"hidden\" name=\"_wpcf7_version\" value=\"6.1.5\" \/><input type=\"hidden\" name=\"_wpcf7_locale\" value=\"en_US\" \/><input type=\"hidden\" name=\"_wpcf7_unit_tag\" value=\"wpcf7-f1195-o1\" \/><input type=\"hidden\" name=\"_wpcf7_container_post\" value=\"0\" \/><input type=\"hidden\" name=\"_wpcf7_posted_data_hash\" value=\"\" \/>\n<\/fieldset>\n<div class =\"contact-form contact-form-align contact-form-style-icon\">\n\t<div class = \"contact-form-wrapper\">\n\t\t<div class =\"form-1 form-horizontal\">\n\t\t\t<p><span class=\"wpcf7-form-control-wrap\" data-name=\"your-name\"><input size=\"40\" maxlength=\"400\" class=\"wpcf7-form-control wpcf7-text wpcf7-validates-as-required form-name\" autocomplete=\"name\" aria-required=\"true\" aria-invalid=\"false\" placeholder=\"Name\/title of company\" value=\"\" type=\"text\" name=\"your-name\" \/><\/span><span class=\"wpcf7-form-control-wrap\" data-name=\"your-phone-number\"><input size=\"40\" maxlength=\"400\" class=\"wpcf7-form-control wpcf7-tel wpcf7-validates-as-required wpcf7-text wpcf7-validates-as-tel form-phone-number\" aria-required=\"true\" aria-invalid=\"false\" placeholder=\"Phone Number\" value=\"\" type=\"tel\" name=\"your-phone-number\" \/><\/span>\n\t\t\t<\/p>\n\t\t<\/div>\n\t\t<div class =\"form-1 form-horizontal\">\n\t\t\t<p><span class=\"wpcf7-form-control-wrap\" data-name=\"your-email\"><input size=\"40\" maxlength=\"400\" class=\"wpcf7-form-control wpcf7-text wpcf7-validates-as-required form-email\" autocomplete=\"name\" aria-required=\"true\" aria-invalid=\"false\" placeholder=\"Email\" value=\"\" type=\"text\" name=\"your-email\" \/><\/span>\n\t\t\t<\/p>\n\t\t<\/div>\n\t\t<div class =\"form-3\">\n\t\t\t<p><span class=\"wpcf7-form-control-wrap\" data-name=\"your-note\"><textarea cols=\"40\" rows=\"10\" maxlength=\"2000\" class=\"wpcf7-form-control wpcf7-textarea form-note\" aria-invalid=\"false\" placeholder=\"Message\" name=\"your-note\"><\/textarea><\/span>\n\t\t\t<\/p>\n\t\t<\/div>\n\t\t<div class =\"form-4 button-submit-align\">\n\t\t\t<p><button class=\"has-spinner button-submit button\"><span>Send us a message<\/span><i class=\"arucafe-icon-arrow-up-right\"><\/i><\/button>\n\t\t\t<\/p>\n\t\t<\/div>\n\t<\/div>\n<\/div><p style=\"display: none !important;\" class=\"akismet-fields-container\" data-prefix=\"_wpcf7_ak_\"><label>\u0394<textarea name=\"_wpcf7_ak_hp_textarea\" cols=\"45\" rows=\"8\" maxlength=\"100\"><\/textarea><\/label><input type=\"hidden\" id=\"ak_js_1\" name=\"_wpcf7_ak_js\" value=\"76\"\/><script>document.getElementById( \"ak_js_1\" ).setAttribute( \"value\", ( new Date() ).getTime() );<\/script><\/p><div class=\"wpcf7-response-output\" aria-hidden=\"true\"><\/div>\n<input type=\"hidden\" name=\"trp-form-language\" value=\"en\"\/><\/form>\n<\/div>\n\t\t\t\t<\/div>\n\t\t\t\t<\/div>\n\t\t\t\t<div class=\"elementor-element elementor-element-6285d942 elementor-widget elementor-widget-text-editor\" data-id=\"6285d942\" data-element_type=\"widget\" data-e-type=\"widget\" data-widget_type=\"text-editor.default\">\n\t\t\t\t<div class=\"elementor-widget-container\">\n\t\t\t\t\t\t\t\t\t<p>Your data is secure and will not be shared publicly. Required fields *<\/p>\t\t\t\t\t\t\t\t<\/div>\n\t\t\t\t<\/div>\n\t\t\t\t\t<\/div>\n\t\t\t\t<\/div>\n\t\t<div class=\"elementor-element elementor-element-3bee23c4 e-flex e-con-boxed e-con e-parent\" data-id=\"3bee23c4\" data-element_type=\"container\" data-e-type=\"container\">\n\t\t\t\t\t<div class=\"e-con-inner\">\n\t\t<div class=\"elementor-element elementor-element-4905f1fc e-con-full e-flex e-con e-child\" data-id=\"4905f1fc\" data-element_type=\"container\" data-e-type=\"container\">\n\t\t\t\t<div class=\"elementor-element elementor-element-5891ef8 elementor-widget elementor-widget-google_maps\" data-id=\"5891ef8\" data-element_type=\"widget\" data-e-type=\"widget\" data-widget_type=\"google_maps.default\">\n\t\t\t\t<div class=\"elementor-widget-container\">\n\t\t\t\t\t\t\t<div class=\"elementor-custom-embed\">\n\t\t\t<iframe loading=\"lazy\"\n\t\t\t\t\tsrc=\"https:\/\/maps.google.com\/maps?q=Slovenska%20cesta%2036%2C%20menge%C5%A1&#038;t=m&#038;z=17&#038;output=embed&#038;iwloc=near\"\n\t\t\t\t\ttitle=\"Slovenska cesta 36, Menge\u0161\"\n\t\t\t\t\taria-label=\"Slovenska cesta 36, Menge\u0161\"\n\t\t\t><\/iframe>\n\t\t<\/div>\n\t\t\t\t\t\t<\/div>\n\t\t\t\t<\/div>\n\t\t\t\t<\/div>\n\t\t<div class=\"elementor-element elementor-element-34c74c8a e-con-full e-flex e-con e-child\" data-id=\"34c74c8a\" data-element_type=\"container\" data-e-type=\"container\">\n\t\t\t\t<div class=\"elementor-element elementor-element-6f87b593 elementor-align-left subtitle-position-above elementor-widget elementor-widget-heading\" data-id=\"6f87b593\" data-element_type=\"widget\" data-e-type=\"widget\" data-widget_type=\"heading.default\">\n\t\t\t\t<div class=\"elementor-widget-container\">\n\t\t\t\t\t<div class=\"elementor-heading-wrapper-inner\"><h2 class=\"elementor-heading-title elementor-size-xxl\">Come visit us<\/h2><\/div>\t\t\t\t<\/div>\n\t\t\t\t<\/div>\n\t\t\t\t<div class=\"elementor-element elementor-element-e092257 elementor-widget elementor-widget-text-editor\" data-id=\"e092257\" data-element_type=\"widget\" data-e-type=\"widget\" data-widget_type=\"text-editor.default\">\n\t\t\t\t<div class=\"elementor-widget-container\">\n\t\t\t\t\t\t\t\t\t<p>Our roastery operates on the open-door principle. We invite you to join our visits and get to know the coffee roasting process up close. During your visits, you will have the opportunity to get to know our high-quality coffees, taste the different varieties and learn how each cup of perfect coffee is made.<\/p><p>Our experts will be happy to show you all the stages of roasting and share their knowledge on what makes coffee truly unique.<\/p><p><br \/>Visit us, learn about our mission and enjoy a coffee that will satisfy all your senses.<\/p>\t\t\t\t\t\t\t\t<\/div>\n\t\t\t\t<\/div>\n\t\t\t\t<\/div>\n\t\t\t\t\t<\/div>\n\t\t\t\t<\/div>\n\t\t\t\t<\/div>","protected":false},"excerpt":{"rendered":"<p>Kontaktirajte Nas Za ve\u010d informacij o na\u0161ih storitvah in sodelovanju nas preprosto kontaktirajte. Telefon +386 41 299 275 Email info@orin.coffee Pra\u017earna kave Slovenska cesta 36, Menge\u0161 Po\u0161ljite nam sporo\u010dilo Po\u0161ljite sporo\u010dilo &#916; Va\u0161ih podatki so varni in ne bodo deljeni javno. Obvezna polja * Obi\u0161\u010dite nas Na\u0161a pra\u017earna deluje po principu odprtih vrat. Vabimo vas, [&hellip;]<\/p>\n","protected":false},"author":1,"featured_media":0,"parent":129,"menu_order":0,"comment_status":"closed","ping_status":"closed","template":"","meta":{"footnotes":""},"class_list":["post-2783","page","type-page","status-publish","hentry"],"yoast_head":"<!-- This site is optimized with the Yoast SEO plugin v27.4 - https:\/\/yoast.com\/product\/yoast-seo-wordpress\/ -->\n<title>Kontaktirajte nas \u2013 \u00d8rin Coffee | Dosegljivi. Pripravljeni. Navdihnjeni.<\/title>\n<meta name=\"description\" content=\"Stopite v stik z ekipo \u00d8rin Coffee. Za sodelovanje, naro\u010dila ali vpra\u0161anja \u2013 tukaj smo za vas. Hitro odzivni, osebni in vedno pripravljeni na dober pogovor o kavi.\" \/>\n<meta name=\"robots\" content=\"index, follow, max-snippet:-1, max-image-preview:large, max-video-preview:-1\" \/>\n<link rel=\"canonical\" href=\"https:\/\/orin.coffee\/en\/orin-coffee-slovenska-prazarna-kave\/kontakt\/\" \/>\n<meta property=\"og:locale\" content=\"en_US\" \/>\n<meta property=\"og:type\" content=\"article\" \/>\n<meta property=\"og:title\" content=\"Kontaktirajte nas \u2013 \u00d8rin Coffee | Dosegljivi. Pripravljeni. Navdihnjeni.\" \/>\n<meta property=\"og:description\" content=\"Stopite v stik z ekipo \u00d8rin Coffee. Za sodelovanje, naro\u010dila ali vpra\u0161anja \u2013 tukaj smo za vas. Hitro odzivni, osebni in vedno pripravljeni na dober pogovor o kavi.\" \/>\n<meta property=\"og:url\" content=\"https:\/\/orin.coffee\/en\/orin-coffee-slovenska-prazarna-kave\/kontakt\/\" \/>\n<meta property=\"og:site_name\" content=\"\u00d8rin Coffee\" \/>\n<meta property=\"article:publisher\" content=\"https:\/\/www.facebook.com\/OrinCoffee.si\" \/>\n<meta property=\"article:modified_time\" content=\"2025-08-07T22:10:32+00:00\" \/>\n<meta name=\"twitter:card\" content=\"summary_large_image\" \/>\n<meta name=\"twitter:label1\" content=\"Est. reading time\" \/>\n\t<meta name=\"twitter:data1\" content=\"1 minute\" \/>\n<script type=\"application\/ld+json\" class=\"yoast-schema-graph\">{\"@context\":\"https:\\\/\\\/schema.org\",\"@graph\":[{\"@type\":[\"WebPage\",\"ContactPage\"],\"@id\":\"https:\\\/\\\/orin.coffee\\\/orin-coffee-slovenska-prazarna-kave\\\/kontakt\\\/\",\"url\":\"https:\\\/\\\/orin.coffee\\\/orin-coffee-slovenska-prazarna-kave\\\/kontakt\\\/\",\"name\":\"Kontaktirajte nas \u2013 \u00d8rin Coffee | Dosegljivi. Pripravljeni. Navdihnjeni.\",\"isPartOf\":{\"@id\":\"https:\\\/\\\/orin.coffee\\\/#website\"},\"datePublished\":\"2025-04-18T06:02:28+00:00\",\"dateModified\":\"2025-08-07T22:10:32+00:00\",\"description\":\"Stopite v stik z ekipo \u00d8rin Coffee. Za sodelovanje, naro\u010dila ali vpra\u0161anja \u2013 tukaj smo za vas. Hitro odzivni, osebni in vedno pripravljeni na dober pogovor o kavi.\",\"breadcrumb\":{\"@id\":\"https:\\\/\\\/orin.coffee\\\/orin-coffee-slovenska-prazarna-kave\\\/kontakt\\\/#breadcrumb\"},\"inLanguage\":\"en-US\",\"potentialAction\":[{\"@type\":\"ReadAction\",\"target\":[\"https:\\\/\\\/orin.coffee\\\/orin-coffee-slovenska-prazarna-kave\\\/kontakt\\\/\"]}]},{\"@type\":\"BreadcrumbList\",\"@id\":\"https:\\\/\\\/orin.coffee\\\/orin-coffee-slovenska-prazarna-kave\\\/kontakt\\\/#breadcrumb\",\"itemListElement\":[{\"@type\":\"ListItem\",\"position\":1,\"name\":\"Home\",\"item\":\"https:\\\/\\\/orin.coffee\\\/\"},{\"@type\":\"ListItem\",\"position\":2,\"name\":\"About us\",\"item\":\"https:\\\/\\\/orin.coffee\\\/orin-coffee-slovenska-prazarna-kave\\\/\"},{\"@type\":\"ListItem\",\"position\":3,\"name\":\"kontakt\"}]},{\"@type\":\"WebSite\",\"@id\":\"https:\\\/\\\/orin.coffee\\\/#website\",\"url\":\"https:\\\/\\\/orin.coffee\\\/\",\"name\":\"Orin Coffee\",\"description\":\"Clean. Fresh. Redefined Coffee.\",\"publisher\":{\"@id\":\"https:\\\/\\\/orin.coffee\\\/#organization\"},\"potentialAction\":[{\"@type\":\"SearchAction\",\"target\":{\"@type\":\"EntryPoint\",\"urlTemplate\":\"https:\\\/\\\/orin.coffee\\\/?s={search_term_string}\"},\"query-input\":{\"@type\":\"PropertyValueSpecification\",\"valueRequired\":true,\"valueName\":\"search_term_string\"}}],\"inLanguage\":\"en-US\"},{\"@type\":\"Organization\",\"@id\":\"https:\\\/\\\/orin.coffee\\\/#organization\",\"name\":\"Orin Coffee\",\"url\":\"https:\\\/\\\/orin.coffee\\\/\",\"logo\":{\"@type\":\"ImageObject\",\"inLanguage\":\"en-US\",\"@id\":\"https:\\\/\\\/orin.coffee\\\/#\\\/schema\\\/logo\\\/image\\\/\",\"url\":\"https:\\\/\\\/orin.coffee\\\/wp-content\\\/uploads\\\/ele-custom-shapes\\\/orin-logo-alternative.png\",\"contentUrl\":\"https:\\\/\\\/orin.coffee\\\/wp-content\\\/uploads\\\/ele-custom-shapes\\\/orin-logo-alternative.png\",\"width\":400,\"height\":300,\"caption\":\"Orin Coffee\"},\"image\":{\"@id\":\"https:\\\/\\\/orin.coffee\\\/#\\\/schema\\\/logo\\\/image\\\/\"},\"sameAs\":[\"https:\\\/\\\/www.facebook.com\\\/OrinCoffee.si\",\"https:\\\/\\\/www.instagram.com\\\/orincoffee.si\"]}]}<\/script>\n<!-- \/ Yoast SEO plugin. -->","yoast_head_json":{"title":"Kontaktirajte nas \u2013 \u00d8rin Coffee | Dosegljivi. Pripravljeni. Navdihnjeni.","description":"Stopite v stik z ekipo \u00d8rin Coffee. Za sodelovanje, naro\u010dila ali vpra\u0161anja \u2013 tukaj smo za vas. Hitro odzivni, osebni in vedno pripravljeni na dober pogovor o kavi.","robots":{"index":"index","follow":"follow","max-snippet":"max-snippet:-1","max-image-preview":"max-image-preview:large","max-video-preview":"max-video-preview:-1"},"canonical":"https:\/\/orin.coffee\/en\/orin-coffee-slovenska-prazarna-kave\/kontakt\/","og_locale":"en_US","og_type":"article","og_title":"Kontaktirajte nas \u2013 \u00d8rin Coffee | Dosegljivi. Pripravljeni. Navdihnjeni.","og_description":"Stopite v stik z ekipo \u00d8rin Coffee. Za sodelovanje, naro\u010dila ali vpra\u0161anja \u2013 tukaj smo za vas. Hitro odzivni, osebni in vedno pripravljeni na dober pogovor o kavi.","og_url":"https:\/\/orin.coffee\/en\/orin-coffee-slovenska-prazarna-kave\/kontakt\/","og_site_name":"\u00d8rin Coffee","article_publisher":"https:\/\/www.facebook.com\/OrinCoffee.si","article_modified_time":"2025-08-07T22:10:32+00:00","twitter_card":"summary_large_image","twitter_misc":{"Est. reading time":"1 minute"},"schema":{"@context":"https:\/\/schema.org","@graph":[{"@type":["WebPage","ContactPage"],"@id":"https:\/\/orin.coffee\/orin-coffee-slovenska-prazarna-kave\/kontakt\/","url":"https:\/\/orin.coffee\/orin-coffee-slovenska-prazarna-kave\/kontakt\/","name":"Kontaktirajte nas \u2013 \u00d8rin Coffee | Dosegljivi. Pripravljeni. Navdihnjeni.","isPartOf":{"@id":"https:\/\/orin.coffee\/#website"},"datePublished":"2025-04-18T06:02:28+00:00","dateModified":"2025-08-07T22:10:32+00:00","description":"Stopite v stik z ekipo \u00d8rin Coffee. Za sodelovanje, naro\u010dila ali vpra\u0161anja \u2013 tukaj smo za vas. Hitro odzivni, osebni in vedno pripravljeni na dober pogovor o kavi.","breadcrumb":{"@id":"https:\/\/orin.coffee\/orin-coffee-slovenska-prazarna-kave\/kontakt\/#breadcrumb"},"inLanguage":"en-US","potentialAction":[{"@type":"ReadAction","target":["https:\/\/orin.coffee\/orin-coffee-slovenska-prazarna-kave\/kontakt\/"]}]},{"@type":"BreadcrumbList","@id":"https:\/\/orin.coffee\/orin-coffee-slovenska-prazarna-kave\/kontakt\/#breadcrumb","itemListElement":[{"@type":"ListItem","position":1,"name":"Home","item":"https:\/\/orin.coffee\/"},{"@type":"ListItem","position":2,"name":"About us","item":"https:\/\/orin.coffee\/orin-coffee-slovenska-prazarna-kave\/"},{"@type":"ListItem","position":3,"name":"kontakt"}]},{"@type":"WebSite","@id":"https:\/\/orin.coffee\/#website","url":"https:\/\/orin.coffee\/","name":"Orin Coffee","description":"Clean. Fresh. Redefined Coffee.","publisher":{"@id":"https:\/\/orin.coffee\/#organization"},"potentialAction":[{"@type":"SearchAction","target":{"@type":"EntryPoint","urlTemplate":"https:\/\/orin.coffee\/?s={search_term_string}"},"query-input":{"@type":"PropertyValueSpecification","valueRequired":true,"valueName":"search_term_string"}}],"inLanguage":"en-US"},{"@type":"Organization","@id":"https:\/\/orin.coffee\/#organization","name":"Orin Coffee","url":"https:\/\/orin.coffee\/","logo":{"@type":"ImageObject","inLanguage":"en-US","@id":"https:\/\/orin.coffee\/#\/schema\/logo\/image\/","url":"https:\/\/orin.coffee\/wp-content\/uploads\/ele-custom-shapes\/orin-logo-alternative.png","contentUrl":"https:\/\/orin.coffee\/wp-content\/uploads\/ele-custom-shapes\/orin-logo-alternative.png","width":400,"height":300,"caption":"Orin Coffee"},"image":{"@id":"https:\/\/orin.coffee\/#\/schema\/logo\/image\/"},"sameAs":["https:\/\/www.facebook.com\/OrinCoffee.si","https:\/\/www.instagram.com\/orincoffee.si"]}]}},"_links":{"self":[{"href":"https:\/\/orin.coffee\/en\/wp-json\/wp\/v2\/pages\/2783","targetHints":{"allow":["GET"]}}],"collection":[{"href":"https:\/\/orin.coffee\/en\/wp-json\/wp\/v2\/pages"}],"about":[{"href":"https:\/\/orin.coffee\/en\/wp-json\/wp\/v2\/types\/page"}],"author":[{"embeddable":true,"href":"https:\/\/orin.coffee\/en\/wp-json\/wp\/v2\/users\/1"}],"replies":[{"embeddable":true,"href":"https:\/\/orin.coffee\/en\/wp-json\/wp\/v2\/comments?post=2783"}],"version-history":[{"count":12,"href":"https:\/\/orin.coffee\/en\/wp-json\/wp\/v2\/pages\/2783\/revisions"}],"predecessor-version":[{"id":4888,"href":"https:\/\/orin.coffee\/en\/wp-json\/wp\/v2\/pages\/2783\/revisions\/4888"}],"up":[{"embeddable":true,"href":"https:\/\/orin.coffee\/en\/wp-json\/wp\/v2\/pages\/129"}],"wp:attachment":[{"href":"https:\/\/orin.coffee\/en\/wp-json\/wp\/v2\/media?parent=2783"}],"curies":[{"name":"wp","href":"https:\/\/api.w.org\/{rel}","templated":true}]}}