




{"id":5838,"date":"2025-11-01T18:22:16","date_gmt":"2025-11-01T16:22:16","guid":{"rendered":"https:\/\/orin.coffee\/?page_id=5838"},"modified":"2025-11-01T18:41:18","modified_gmt":"2025-11-01T16:41:18","slug":"kariera","status":"publish","type":"page","link":"https:\/\/orin.coffee\/en\/kariera\/","title":{"rendered":"Career"},"content":{"rendered":"<div data-elementor-type=\"wp-page\" data-elementor-id=\"5838\" class=\"elementor elementor-5838\" data-elementor-post-type=\"page\">\n\t\t\t\t<div class=\"elementor-element elementor-element-188d368 e-flex e-con-boxed e-con e-parent\" data-id=\"188d368\" data-element_type=\"container\" data-e-type=\"container\">\n\t\t\t\t\t<div class=\"e-con-inner\">\n\t\t\t\t<div class=\"elementor-element elementor-element-47192e1 subtitle-position-above elementor-widget elementor-widget-heading\" data-id=\"47192e1\" data-element_type=\"widget\" data-e-type=\"widget\" data-widget_type=\"heading.default\">\n\t\t\t\t<div class=\"elementor-widget-container\">\n\t\t\t\t\t<div class=\"elementor-heading-wrapper-inner\"><h2 class=\"elementor-heading-title elementor-size-xxl\">Career<\/h2><div class=\"elementor-sub-title\">Become part of the orin family <\/div><\/div>\t\t\t\t<\/div>\n\t\t\t\t<\/div>\n\t\t\t\t\t<\/div>\n\t\t\t\t<\/div>\n\t\t<div class=\"elementor-element elementor-element-b90499c e-flex e-con-boxed e-con e-parent\" data-id=\"b90499c\" data-element_type=\"container\" data-e-type=\"container\">\n\t\t\t\t\t<div class=\"e-con-inner\">\n\t\t\t\t<div class=\"elementor-element elementor-element-dbe6367 elementor-widget elementor-widget-text-editor\" data-id=\"dbe6367\" data-element_type=\"widget\" data-e-type=\"widget\" data-widget_type=\"text-editor.default\">\n\t\t\t\t<div class=\"elementor-widget-container\">\n\t\t\t\t\t\t\t\t\t<h2>Contract sales agent (m\/f)<\/h2><p><strong>About the company<\/strong><\/p><p>\u00d8RIN COFFEE is a young, fast-growing roastery that believes in quality, sustainability and a personal approach. Our vision is to redefine the coffee experience - every sip tells a story, from the soil to the moment of connection.<\/p><p><strong>What are we looking for?<\/strong><\/p><p>We are looking for a self-initiative and communicative sales agent (m\/f) who will seek out new B2B partners (cafes, restaurants, companies, shops, etc.) and build long-term relationships. The work is based on a contract and is paid exclusively based on success (no fixed salary).<\/p><p><strong>Your tasks:<\/strong><\/p><ul><li>Finding and acquiring new business partners (B2B)<\/li><li>Presentation of the \u00d8RIN COFFEE offer and preparation of individual solutions for partners<\/li><li>Building and maintaining excellent relationships with partners<\/li><li>Order tracking and ensuring partner satisfaction<\/li><\/ul><p><strong>What do we offer?<\/strong><\/p><ul><li>Fully flexible schedule and working hours (work is by appointment)<\/li><li>Payment based on performance (example: 5 new restaurants = \u20ac1,000 net\/month)<\/li><li>No limit on earnings (the more you sell, the more you earn)<\/li><li>Possibility of long-term cooperation and growth with the brand<\/li><li>Support and introduction to products and the sales process<\/li><\/ul><p><strong>What do we expect?<\/strong><\/p><ul><li>Excellent communication and negotiation skills,<\/li><li>Proactive approach to work and independent solving of challenges,<\/li><li>Responsibility, accuracy and organization,<\/li><li>Focus on results and customer satisfaction,<\/li><li>Willingness for continuous learning and development, Category B exam and own means of transportation, as the work also involves field work.<\/li><li>Knowledge of the coffee industry is an advantage, but not essential - we will teach you everything you need.<\/li><\/ul><p><strong>How do you sign up?<\/strong><\/p><p>Send a short description of your experiences and motivation to info@orin.coffee with an attachment <strong>Sales agent.<\/strong><\/p>\t\t\t\t\t\t\t\t<\/div>\n\t\t\t\t<\/div>\n\t\t\t\t\t<\/div>\n\t\t\t\t<\/div>\n\t\t\t\t<\/div>","protected":false},"excerpt":{"rendered":"<p>Kariera Postanite del dru\u017eine orin Pogodbeni prodajni agent (m\/\u017e) O podjetju \u00d8RIN COFFEE je mlada, hitro rasto\u010da pra\u017earna, ki verjame v kakovost, trajnost in osebni pristop. Na\u0161a vizija je redefinirati izku\u0161njo kave \u2013 vsak po\u017eirek pripoveduje zgodbo, od zemlje do trenutka povezovanja. Kaj i\u0161\u010demo? I\u0161\u010demo samoiniciativnega in komunikativnega prodajnega agenta (m\/\u017e), ki bo iskal nove [&hellip;]<\/p>\n","protected":false},"author":1,"featured_media":0,"parent":0,"menu_order":0,"comment_status":"closed","ping_status":"closed","template":"","meta":{"footnotes":""},"class_list":["post-5838","page","type-page","status-publish","hentry"],"yoast_head":"<!-- This site is optimized with the Yoast SEO plugin v27.4 - https:\/\/yoast.com\/product\/yoast-seo-wordpress\/ -->\n<title>Kariera - \u00d8rin Coffee<\/title>\n<meta name=\"robots\" content=\"index, follow, max-snippet:-1, max-image-preview:large, max-video-preview:-1\" \/>\n<link rel=\"canonical\" href=\"https:\/\/orin.coffee\/en\/kariera\/\" \/>\n<meta property=\"og:locale\" content=\"en_US\" \/>\n<meta property=\"og:type\" content=\"article\" \/>\n<meta property=\"og:title\" content=\"Kariera - \u00d8rin Coffee\" \/>\n<meta property=\"og:description\" content=\"Kariera Postanite del dru\u017eine orin Pogodbeni prodajni agent (m\/\u017e) O podjetju \u00d8RIN COFFEE je mlada, hitro rasto\u010da pra\u017earna, ki verjame v kakovost, trajnost in osebni pristop. Na\u0161a vizija je redefinirati izku\u0161njo kave \u2013 vsak po\u017eirek pripoveduje zgodbo, od zemlje do trenutka povezovanja. Kaj i\u0161\u010demo? I\u0161\u010demo samoiniciativnega in komunikativnega prodajnega agenta (m\/\u017e), ki bo iskal nove [&hellip;]\" \/>\n<meta property=\"og:url\" content=\"https:\/\/orin.coffee\/en\/kariera\/\" \/>\n<meta property=\"og:site_name\" content=\"\u00d8rin Coffee\" \/>\n<meta property=\"article:publisher\" content=\"https:\/\/www.facebook.com\/OrinCoffee.si\" \/>\n<meta property=\"article:modified_time\" content=\"2025-11-01T16:41:18+00:00\" \/>\n<meta name=\"twitter:card\" content=\"summary_large_image\" \/>\n<meta name=\"twitter:label1\" content=\"Est. reading time\" \/>\n\t<meta name=\"twitter:data1\" content=\"2 minutes\" \/>\n<script type=\"application\/ld+json\" class=\"yoast-schema-graph\">{\"@context\":\"https:\\\/\\\/schema.org\",\"@graph\":[{\"@type\":\"WebPage\",\"@id\":\"https:\\\/\\\/orin.coffee\\\/kariera\\\/\",\"url\":\"https:\\\/\\\/orin.coffee\\\/kariera\\\/\",\"name\":\"Kariera - \u00d8rin Coffee\",\"isPartOf\":{\"@id\":\"https:\\\/\\\/orin.coffee\\\/#website\"},\"datePublished\":\"2025-11-01T16:22:16+00:00\",\"dateModified\":\"2025-11-01T16:41:18+00:00\",\"breadcrumb\":{\"@id\":\"https:\\\/\\\/orin.coffee\\\/kariera\\\/#breadcrumb\"},\"inLanguage\":\"en-US\",\"potentialAction\":[{\"@type\":\"ReadAction\",\"target\":[\"https:\\\/\\\/orin.coffee\\\/kariera\\\/\"]}]},{\"@type\":\"BreadcrumbList\",\"@id\":\"https:\\\/\\\/orin.coffee\\\/kariera\\\/#breadcrumb\",\"itemListElement\":[{\"@type\":\"ListItem\",\"position\":1,\"name\":\"Home\",\"item\":\"https:\\\/\\\/orin.coffee\\\/\"},{\"@type\":\"ListItem\",\"position\":2,\"name\":\"Kariera\"}]},{\"@type\":\"WebSite\",\"@id\":\"https:\\\/\\\/orin.coffee\\\/#website\",\"url\":\"https:\\\/\\\/orin.coffee\\\/\",\"name\":\"Orin Coffee\",\"description\":\"Clean. Fresh. Redefined Coffee.\",\"publisher\":{\"@id\":\"https:\\\/\\\/orin.coffee\\\/#organization\"},\"potentialAction\":[{\"@type\":\"SearchAction\",\"target\":{\"@type\":\"EntryPoint\",\"urlTemplate\":\"https:\\\/\\\/orin.coffee\\\/?s={search_term_string}\"},\"query-input\":{\"@type\":\"PropertyValueSpecification\",\"valueRequired\":true,\"valueName\":\"search_term_string\"}}],\"inLanguage\":\"en-US\"},{\"@type\":\"Organization\",\"@id\":\"https:\\\/\\\/orin.coffee\\\/#organization\",\"name\":\"Orin Coffee\",\"url\":\"https:\\\/\\\/orin.coffee\\\/\",\"logo\":{\"@type\":\"ImageObject\",\"inLanguage\":\"en-US\",\"@id\":\"https:\\\/\\\/orin.coffee\\\/#\\\/schema\\\/logo\\\/image\\\/\",\"url\":\"https:\\\/\\\/orin.coffee\\\/wp-content\\\/uploads\\\/ele-custom-shapes\\\/orin-logo-alternative.png\",\"contentUrl\":\"https:\\\/\\\/orin.coffee\\\/wp-content\\\/uploads\\\/ele-custom-shapes\\\/orin-logo-alternative.png\",\"width\":400,\"height\":300,\"caption\":\"Orin Coffee\"},\"image\":{\"@id\":\"https:\\\/\\\/orin.coffee\\\/#\\\/schema\\\/logo\\\/image\\\/\"},\"sameAs\":[\"https:\\\/\\\/www.facebook.com\\\/OrinCoffee.si\",\"https:\\\/\\\/www.instagram.com\\\/orincoffee.si\"]}]}<\/script>\n<!-- \/ Yoast SEO plugin. -->","yoast_head_json":{"title":"Kariera - \u00d8rin Coffee","robots":{"index":"index","follow":"follow","max-snippet":"max-snippet:-1","max-image-preview":"max-image-preview:large","max-video-preview":"max-video-preview:-1"},"canonical":"https:\/\/orin.coffee\/en\/kariera\/","og_locale":"en_US","og_type":"article","og_title":"Kariera - \u00d8rin Coffee","og_description":"Kariera Postanite del dru\u017eine orin Pogodbeni prodajni agent (m\/\u017e) O podjetju \u00d8RIN COFFEE je mlada, hitro rasto\u010da pra\u017earna, ki verjame v kakovost, trajnost in osebni pristop. Na\u0161a vizija je redefinirati izku\u0161njo kave \u2013 vsak po\u017eirek pripoveduje zgodbo, od zemlje do trenutka povezovanja. Kaj i\u0161\u010demo? I\u0161\u010demo samoiniciativnega in komunikativnega prodajnega agenta (m\/\u017e), ki bo iskal nove [&hellip;]","og_url":"https:\/\/orin.coffee\/en\/kariera\/","og_site_name":"\u00d8rin Coffee","article_publisher":"https:\/\/www.facebook.com\/OrinCoffee.si","article_modified_time":"2025-11-01T16:41:18+00:00","twitter_card":"summary_large_image","twitter_misc":{"Est. reading time":"2 minutes"},"schema":{"@context":"https:\/\/schema.org","@graph":[{"@type":"WebPage","@id":"https:\/\/orin.coffee\/kariera\/","url":"https:\/\/orin.coffee\/kariera\/","name":"Kariera - \u00d8rin Coffee","isPartOf":{"@id":"https:\/\/orin.coffee\/#website"},"datePublished":"2025-11-01T16:22:16+00:00","dateModified":"2025-11-01T16:41:18+00:00","breadcrumb":{"@id":"https:\/\/orin.coffee\/kariera\/#breadcrumb"},"inLanguage":"en-US","potentialAction":[{"@type":"ReadAction","target":["https:\/\/orin.coffee\/kariera\/"]}]},{"@type":"BreadcrumbList","@id":"https:\/\/orin.coffee\/kariera\/#breadcrumb","itemListElement":[{"@type":"ListItem","position":1,"name":"Home","item":"https:\/\/orin.coffee\/"},{"@type":"ListItem","position":2,"name":"Kariera"}]},{"@type":"WebSite","@id":"https:\/\/orin.coffee\/#website","url":"https:\/\/orin.coffee\/","name":"Orin Coffee","description":"Clean. Fresh. Redefined Coffee.","publisher":{"@id":"https:\/\/orin.coffee\/#organization"},"potentialAction":[{"@type":"SearchAction","target":{"@type":"EntryPoint","urlTemplate":"https:\/\/orin.coffee\/?s={search_term_string}"},"query-input":{"@type":"PropertyValueSpecification","valueRequired":true,"valueName":"search_term_string"}}],"inLanguage":"en-US"},{"@type":"Organization","@id":"https:\/\/orin.coffee\/#organization","name":"Orin Coffee","url":"https:\/\/orin.coffee\/","logo":{"@type":"ImageObject","inLanguage":"en-US","@id":"https:\/\/orin.coffee\/#\/schema\/logo\/image\/","url":"https:\/\/orin.coffee\/wp-content\/uploads\/ele-custom-shapes\/orin-logo-alternative.png","contentUrl":"https:\/\/orin.coffee\/wp-content\/uploads\/ele-custom-shapes\/orin-logo-alternative.png","width":400,"height":300,"caption":"Orin Coffee"},"image":{"@id":"https:\/\/orin.coffee\/#\/schema\/logo\/image\/"},"sameAs":["https:\/\/www.facebook.com\/OrinCoffee.si","https:\/\/www.instagram.com\/orincoffee.si"]}]}},"_links":{"self":[{"href":"https:\/\/orin.coffee\/en\/wp-json\/wp\/v2\/pages\/5838","targetHints":{"allow":["GET"]}}],"collection":[{"href":"https:\/\/orin.coffee\/en\/wp-json\/wp\/v2\/pages"}],"about":[{"href":"https:\/\/orin.coffee\/en\/wp-json\/wp\/v2\/types\/page"}],"author":[{"embeddable":true,"href":"https:\/\/orin.coffee\/en\/wp-json\/wp\/v2\/users\/1"}],"replies":[{"embeddable":true,"href":"https:\/\/orin.coffee\/en\/wp-json\/wp\/v2\/comments?post=5838"}],"version-history":[{"count":7,"href":"https:\/\/orin.coffee\/en\/wp-json\/wp\/v2\/pages\/5838\/revisions"}],"predecessor-version":[{"id":5846,"href":"https:\/\/orin.coffee\/en\/wp-json\/wp\/v2\/pages\/5838\/revisions\/5846"}],"wp:attachment":[{"href":"https:\/\/orin.coffee\/en\/wp-json\/wp\/v2\/media?parent=5838"}],"curies":[{"name":"wp","href":"https:\/\/api.w.org\/{rel}","templated":true}]}}