{"id":2850,"date":"2025-04-18T06:02:46","date_gmt":"2025-04-18T06:02:46","guid":{"rendered":"http:\/\/Klemen"},"modified":"2025-05-28T08:13:50","modified_gmt":"2025-05-28T06:13:50","slug":"aeropress","status":"publish","type":"product","link":"https:\/\/orin.coffee\/en\/shop\/aeropress\/","title":{"rendered":"Aeropress"},"content":{"rendered":"<p>The AeroPress is an incredibly versatile device that will meet the expectations of both beginners and advanced coffee lovers. This product combines the advantages of a French press, a filter method and a traditional coffee maker, making preparing your aromatic coffee really simple and quick.<br \/>\nAdditionally, the device allows you to explore unlimited coffee flavors by experimenting with brewing time, water temperature, and fine or coarse grinds.<\/p>\n<p>This method allows you to make up to 250 ml of coffee at a time and the whole process only takes a few minutes. The Aeropress is unique in its small size and light weight, so you can make coffee anywhere. Another advantage is that the device is made of durable material that is easy to maintain.<\/p>\n<p>Read our article on how to make good coffee using the Aeropress method. <a href=\"https:\/\/mariposacoffeeroasters.si\/filter-kava\/\">correct preparation of filter coffee<\/a>.<\/p>","protected":false},"excerpt":{"rendered":"<p>Currently, AeroPress is considered one of the most interesting alternative methods of preparing coffee. There are championships all over the world, crowned with the AeroPress World Championship.<\/p>\n<p>Package contents: Aeropress, 350 paper filters, coffee stirrer, coffee scoop, filter holder.<\/p>","protected":false},"featured_media":4139,"comment_status":"closed","ping_status":"closed","template":"","meta":[],"product_cat":[100],"product_tag":[107],"class_list":{"0":"post-2850","1":"product","2":"type-product","3":"status-publish","4":"has-post-thumbnail","6":"product_brand-aeropress","7":"product_cat-oprema-za-kavo","8":"product_tag-aeropress","10":"first","11":"instock","12":"taxable","13":"shipping-taxable","14":"purchasable","15":"product-type-simple"},"yoast_head":"<!-- This site is optimized with the Yoast SEO plugin v27.5 - https:\/\/yoast.com\/product\/yoast-seo-wordpress\/ -->\n<title>Aeropress - \u00d8rin Coffee<\/title>\n<meta name=\"robots\" content=\"index, follow, max-snippet:-1, max-image-preview:large, max-video-preview:-1\" \/>\n<link rel=\"canonical\" href=\"https:\/\/orin.coffee\/en\/shop\/aeropress\/\" \/>\n<meta property=\"og:locale\" content=\"en_US\" \/>\n<meta property=\"og:type\" content=\"article\" \/>\n<meta property=\"og:title\" content=\"Aeropress - \u00d8rin Coffee\" \/>\n<meta property=\"og:description\" content=\"Trenutno velja AeroPress za enega najzanimivej\u0161ih alternativnih na\u010dinov priprave kave. Po vsem svetu obstajajo prvenstva, okronana s svetovnim prvenstvom AeroPress.  Vsebina paketa: Aeropress, 350 papirnatih filtrov, me\u0161alnik za kavo, zajemalka za kavo, dr\u017ealo za filter.\" \/>\n<meta property=\"og:url\" content=\"https:\/\/orin.coffee\/en\/shop\/aeropress\/\" \/>\n<meta property=\"og:site_name\" content=\"\u00d8rin Coffee\" \/>\n<meta property=\"article:publisher\" content=\"https:\/\/www.facebook.com\/OrinCoffee.si\" \/>\n<meta property=\"article:modified_time\" content=\"2025-05-28T06:13:50+00:00\" \/>\n<meta name=\"twitter:card\" content=\"summary_large_image\" \/>\n<meta name=\"twitter:label1\" content=\"Est. reading time\" \/>\n\t<meta name=\"twitter:data1\" content=\"1 minute\" \/>\n<script type=\"application\/ld+json\" class=\"yoast-schema-graph\">{\"@context\":\"https:\\\/\\\/schema.org\",\"@graph\":[{\"@type\":\"WebPage\",\"@id\":\"https:\\\/\\\/orin.coffee\\\/shop\\\/aeropress\\\/\",\"url\":\"https:\\\/\\\/orin.coffee\\\/shop\\\/aeropress\\\/\",\"name\":\"Aeropress - \u00d8rin Coffee\",\"isPartOf\":{\"@id\":\"https:\\\/\\\/orin.coffee\\\/#website\"},\"primaryImageOfPage\":{\"@id\":\"https:\\\/\\\/orin.coffee\\\/shop\\\/aeropress\\\/#primaryimage\"},\"image\":{\"@id\":\"https:\\\/\\\/orin.coffee\\\/shop\\\/aeropress\\\/#primaryimage\"},\"thumbnailUrl\":\"https:\\\/\\\/orin.coffee\\\/wp-content\\\/uploads\\\/ele-custom-shapes\\\/aeropress.avif\",\"datePublished\":\"2025-04-18T06:02:46+00:00\",\"dateModified\":\"2025-05-28T06:13:50+00:00\",\"breadcrumb\":{\"@id\":\"https:\\\/\\\/orin.coffee\\\/shop\\\/aeropress\\\/#breadcrumb\"},\"inLanguage\":\"en-US\",\"potentialAction\":[{\"@type\":\"ReadAction\",\"target\":[\"https:\\\/\\\/orin.coffee\\\/shop\\\/aeropress\\\/\"]}]},{\"@type\":\"ImageObject\",\"inLanguage\":\"en-US\",\"@id\":\"https:\\\/\\\/orin.coffee\\\/shop\\\/aeropress\\\/#primaryimage\",\"url\":\"https:\\\/\\\/orin.coffee\\\/wp-content\\\/uploads\\\/ele-custom-shapes\\\/aeropress.avif\",\"contentUrl\":\"https:\\\/\\\/orin.coffee\\\/wp-content\\\/uploads\\\/ele-custom-shapes\\\/aeropress.avif\",\"width\":600,\"height\":600},{\"@type\":\"BreadcrumbList\",\"@id\":\"https:\\\/\\\/orin.coffee\\\/shop\\\/aeropress\\\/#breadcrumb\",\"itemListElement\":[{\"@type\":\"ListItem\",\"position\":1,\"name\":\"Home\",\"item\":\"https:\\\/\\\/orin.coffee\\\/\"},{\"@type\":\"ListItem\",\"position\":2,\"name\":\"Shop\",\"item\":\"https:\\\/\\\/orin.coffee\\\/shop\\\/\"},{\"@type\":\"ListItem\",\"position\":3,\"name\":\"Aeropress\"}]},{\"@type\":\"WebSite\",\"@id\":\"https:\\\/\\\/orin.coffee\\\/#website\",\"url\":\"https:\\\/\\\/orin.coffee\\\/\",\"name\":\"Orin Coffee\",\"description\":\"Clean. Fresh. Redefined Coffee.\",\"publisher\":{\"@id\":\"https:\\\/\\\/orin.coffee\\\/#organization\"},\"potentialAction\":[{\"@type\":\"SearchAction\",\"target\":{\"@type\":\"EntryPoint\",\"urlTemplate\":\"https:\\\/\\\/orin.coffee\\\/?s={search_term_string}\"},\"query-input\":{\"@type\":\"PropertyValueSpecification\",\"valueRequired\":true,\"valueName\":\"search_term_string\"}}],\"inLanguage\":\"en-US\"},{\"@type\":\"Organization\",\"@id\":\"https:\\\/\\\/orin.coffee\\\/#organization\",\"name\":\"Orin Coffee\",\"url\":\"https:\\\/\\\/orin.coffee\\\/\",\"logo\":{\"@type\":\"ImageObject\",\"inLanguage\":\"en-US\",\"@id\":\"https:\\\/\\\/orin.coffee\\\/#\\\/schema\\\/logo\\\/image\\\/\",\"url\":\"https:\\\/\\\/orin.coffee\\\/wp-content\\\/uploads\\\/ele-custom-shapes\\\/orin-logo-alternative.png\",\"contentUrl\":\"https:\\\/\\\/orin.coffee\\\/wp-content\\\/uploads\\\/ele-custom-shapes\\\/orin-logo-alternative.png\",\"width\":400,\"height\":300,\"caption\":\"Orin Coffee\"},\"image\":{\"@id\":\"https:\\\/\\\/orin.coffee\\\/#\\\/schema\\\/logo\\\/image\\\/\"},\"sameAs\":[\"https:\\\/\\\/www.facebook.com\\\/OrinCoffee.si\",\"https:\\\/\\\/www.instagram.com\\\/orincoffee.si\"]}]}<\/script>\n<!-- \/ Yoast SEO plugin. -->","yoast_head_json":{"title":"Aeropress - \u00d8rin Coffee","robots":{"index":"index","follow":"follow","max-snippet":"max-snippet:-1","max-image-preview":"max-image-preview:large","max-video-preview":"max-video-preview:-1"},"canonical":"https:\/\/orin.coffee\/en\/shop\/aeropress\/","og_locale":"en_US","og_type":"article","og_title":"Aeropress - \u00d8rin Coffee","og_description":"Trenutno velja AeroPress za enega najzanimivej\u0161ih alternativnih na\u010dinov priprave kave. Po vsem svetu obstajajo prvenstva, okronana s svetovnim prvenstvom AeroPress.  Vsebina paketa: Aeropress, 350 papirnatih filtrov, me\u0161alnik za kavo, zajemalka za kavo, dr\u017ealo za filter.","og_url":"https:\/\/orin.coffee\/en\/shop\/aeropress\/","og_site_name":"\u00d8rin Coffee","article_publisher":"https:\/\/www.facebook.com\/OrinCoffee.si","article_modified_time":"2025-05-28T06:13:50+00:00","twitter_card":"summary_large_image","twitter_misc":{"Est. reading time":"1 minute"},"schema":{"@context":"https:\/\/schema.org","@graph":[{"@type":"WebPage","@id":"https:\/\/orin.coffee\/shop\/aeropress\/","url":"https:\/\/orin.coffee\/shop\/aeropress\/","name":"Aeropress - \u00d8rin Coffee","isPartOf":{"@id":"https:\/\/orin.coffee\/#website"},"primaryImageOfPage":{"@id":"https:\/\/orin.coffee\/shop\/aeropress\/#primaryimage"},"image":{"@id":"https:\/\/orin.coffee\/shop\/aeropress\/#primaryimage"},"thumbnailUrl":"https:\/\/orin.coffee\/wp-content\/uploads\/ele-custom-shapes\/aeropress.avif","datePublished":"2025-04-18T06:02:46+00:00","dateModified":"2025-05-28T06:13:50+00:00","breadcrumb":{"@id":"https:\/\/orin.coffee\/shop\/aeropress\/#breadcrumb"},"inLanguage":"en-US","potentialAction":[{"@type":"ReadAction","target":["https:\/\/orin.coffee\/shop\/aeropress\/"]}]},{"@type":"ImageObject","inLanguage":"en-US","@id":"https:\/\/orin.coffee\/shop\/aeropress\/#primaryimage","url":"https:\/\/orin.coffee\/wp-content\/uploads\/ele-custom-shapes\/aeropress.avif","contentUrl":"https:\/\/orin.coffee\/wp-content\/uploads\/ele-custom-shapes\/aeropress.avif","width":600,"height":600},{"@type":"BreadcrumbList","@id":"https:\/\/orin.coffee\/shop\/aeropress\/#breadcrumb","itemListElement":[{"@type":"ListItem","position":1,"name":"Home","item":"https:\/\/orin.coffee\/"},{"@type":"ListItem","position":2,"name":"Shop","item":"https:\/\/orin.coffee\/shop\/"},{"@type":"ListItem","position":3,"name":"Aeropress"}]},{"@type":"WebSite","@id":"https:\/\/orin.coffee\/#website","url":"https:\/\/orin.coffee\/","name":"Orin Coffee","description":"Clean. Fresh. Redefined Coffee.","publisher":{"@id":"https:\/\/orin.coffee\/#organization"},"potentialAction":[{"@type":"SearchAction","target":{"@type":"EntryPoint","urlTemplate":"https:\/\/orin.coffee\/?s={search_term_string}"},"query-input":{"@type":"PropertyValueSpecification","valueRequired":true,"valueName":"search_term_string"}}],"inLanguage":"en-US"},{"@type":"Organization","@id":"https:\/\/orin.coffee\/#organization","name":"Orin Coffee","url":"https:\/\/orin.coffee\/","logo":{"@type":"ImageObject","inLanguage":"en-US","@id":"https:\/\/orin.coffee\/#\/schema\/logo\/image\/","url":"https:\/\/orin.coffee\/wp-content\/uploads\/ele-custom-shapes\/orin-logo-alternative.png","contentUrl":"https:\/\/orin.coffee\/wp-content\/uploads\/ele-custom-shapes\/orin-logo-alternative.png","width":400,"height":300,"caption":"Orin Coffee"},"image":{"@id":"https:\/\/orin.coffee\/#\/schema\/logo\/image\/"},"sameAs":["https:\/\/www.facebook.com\/OrinCoffee.si","https:\/\/www.instagram.com\/orincoffee.si"]}]}},"_links":{"self":[{"href":"https:\/\/orin.coffee\/en\/wp-json\/wp\/v2\/product\/2850","targetHints":{"allow":["GET"]}}],"collection":[{"href":"https:\/\/orin.coffee\/en\/wp-json\/wp\/v2\/product"}],"about":[{"href":"https:\/\/orin.coffee\/en\/wp-json\/wp\/v2\/types\/product"}],"replies":[{"embeddable":true,"href":"https:\/\/orin.coffee\/en\/wp-json\/wp\/v2\/comments?post=2850"}],"version-history":[{"count":0,"href":"https:\/\/orin.coffee\/en\/wp-json\/wp\/v2\/product\/2850\/revisions"}],"wp:featuredmedia":[{"embeddable":true,"href":"https:\/\/orin.coffee\/en\/wp-json\/wp\/v2\/media\/4139"}],"wp:attachment":[{"href":"https:\/\/orin.coffee\/en\/wp-json\/wp\/v2\/media?parent=2850"}],"wp:term":[{"taxonomy":"product_cat","embeddable":true,"href":"https:\/\/orin.coffee\/en\/wp-json\/wp\/v2\/product_cat?post=2850"},{"taxonomy":"product_tag","embeddable":true,"href":"https:\/\/orin.coffee\/en\/wp-json\/wp\/v2\/product_tag?post=2850"}],"curies":[{"name":"wp","href":"https:\/\/api.w.org\/{rel}","templated":true}]}}