{"id":3514,"date":"2025-04-25T22:12:19","date_gmt":"2025-04-25T22:12:19","guid":{"rendered":"https:\/\/orin.coffee\/?post_type=product&#038;p=3514"},"modified":"2025-08-05T23:51:23","modified_gmt":"2025-08-05T21:51:23","slug":"pritiskalo-za-kavo-z-vzmetjo-58mm","status":"publish","type":"product","link":"https:\/\/orin.coffee\/en\/shop\/pritiskalo-za-kavo-z-vzmetjo-58mm\/","title":{"rendered":"Coffee press with spring 58.0mm"},"content":{"rendered":"<h2>Coffee Tamper with Spring \u2013 Perfect Pressure, Every Time<\/h2>\n<p>The perfect espresso starts with an even pressure of coffee.<br \/>\nThis coffee tamper with a built-in spring ensures that the pressure is always the same \u2013 no matter who is using it. The result? More consistent extraction, fuller aroma and richer crema.<\/p>\n<p>Made of high-quality stainless steel with a precise spring mechanism that prevents too strong or too weak a push. The ergonomic handle provides a comfortable grip, and the professional weight ensures perfect balance with every squeeze.<\/p>\n<p>With a spring-loaded tamper, your espresso will always be of the same quality \u2013 whether you, your partner, or a novice barista are making it.<br \/>\nBecause when it comes to coffee, every detail counts.<\/p>\n<p>Turn your espresso into art \u2013 with precision at the click of a button.<\/p>","protected":false},"excerpt":{"rendered":"<p>Everything is designed for one goal \u2013 perfect extraction.<\/p>\n<p>This tamper makes sure that happens. A built-in spring creates perfect, repeatable pressure. Every time. No guesswork.<\/p>\n<p>Why you&#039;ll love it:<\/p>\n<ul>\n<li>Built-in spring \u2013 always the same pressure for perfect extraction<\/li>\n<li>Consistent results \u2013 from the first to the last cup<\/li>\n<li>Fewer errors \u2013 ideal for home users and cafes<\/li>\n<li>High-quality materials \u2013 stainless steel and durable handle<\/li>\n<li>Professional experience \u2013 like in the best cafes<\/li>\n<\/ul>\n<p>Your espresso will always be the same. Perfect.<\/p>","protected":false},"featured_media":4589,"comment_status":"open","ping_status":"closed","template":"","meta":[],"product_cat":[100,101],"product_tag":[],"class_list":{"0":"post-3514","1":"product","2":"type-product","3":"status-publish","4":"has-post-thumbnail","6":"product_cat-oprema-za-kavo","7":"product_cat-podpora-za-podjetja","9":"first","10":"instock","11":"sale","12":"taxable","13":"shipping-taxable","14":"purchasable","15":"product-type-simple"},"yoast_head":"<!-- This site is optimized with the Yoast SEO plugin v27.5 - https:\/\/yoast.com\/product\/yoast-seo-wordpress\/ -->\n<title>Pritiskalo za Kavo z vzmetjo 58,0mm - \u00d8rin Coffee<\/title>\n<meta name=\"robots\" content=\"index, follow, max-snippet:-1, max-image-preview:large, max-video-preview:-1\" \/>\n<link rel=\"canonical\" href=\"https:\/\/orin.coffee\/en\/shop\/pritiskalo-za-kavo-z-vzmetjo-58mm\/\" \/>\n<meta property=\"og:locale\" content=\"en_US\" \/>\n<meta property=\"og:type\" content=\"article\" \/>\n<meta property=\"og:title\" content=\"Pritiskalo za Kavo z vzmetjo 58,0mm - \u00d8rin Coffee\" \/>\n<meta property=\"og:description\" content=\"Vse je premi\u0161ljeno za en cilj \u2013 popolno ekstrakcijo.  Ta tamper poskrbi, da se tozgodi. Vgrajena vzmet ustvari popoln, ponovljiv pritisk. Vsaki\u010d. Brez ugibanja.  Zakaj ga boste obo\u017eevali:   Vgrajena vzmet \u2013 vedno enak pritisk za popolno ekstrakcijo  Konsistentni rezultati \u2013 od prve do zadnje skodelice  Manj napak \u2013 idealen za doma\u010de uporabnike in kavarne  Kakovostni materiali \u2013 nerjave\u010de jeklo in trpe\u017een ro\u010daj  Profesionalna izku\u0161nja \u2013 kot v najbolj\u0161ih kavarnah  Tvoj espresso bo vedno enak. Popoln.\" \/>\n<meta property=\"og:url\" content=\"https:\/\/orin.coffee\/en\/shop\/pritiskalo-za-kavo-z-vzmetjo-58mm\/\" \/>\n<meta property=\"og:site_name\" content=\"\u00d8rin Coffee\" \/>\n<meta property=\"article:publisher\" content=\"https:\/\/www.facebook.com\/OrinCoffee.si\" \/>\n<meta property=\"article:modified_time\" content=\"2025-08-05T21:51:23+00:00\" \/>\n<meta name=\"twitter:card\" content=\"summary_large_image\" \/>\n<meta name=\"twitter:label1\" content=\"Est. reading time\" \/>\n\t<meta name=\"twitter:data1\" content=\"1 minute\" \/>\n<script type=\"application\/ld+json\" class=\"yoast-schema-graph\">{\"@context\":\"https:\\\/\\\/schema.org\",\"@graph\":[{\"@type\":\"WebPage\",\"@id\":\"https:\\\/\\\/orin.coffee\\\/shop\\\/pritiskalo-za-kavo-z-vzmetjo-58mm\\\/\",\"url\":\"https:\\\/\\\/orin.coffee\\\/shop\\\/pritiskalo-za-kavo-z-vzmetjo-58mm\\\/\",\"name\":\"Pritiskalo za Kavo z vzmetjo 58,0mm - \u00d8rin Coffee\",\"isPartOf\":{\"@id\":\"https:\\\/\\\/orin.coffee\\\/#website\"},\"primaryImageOfPage\":{\"@id\":\"https:\\\/\\\/orin.coffee\\\/shop\\\/pritiskalo-za-kavo-z-vzmetjo-58mm\\\/#primaryimage\"},\"image\":{\"@id\":\"https:\\\/\\\/orin.coffee\\\/shop\\\/pritiskalo-za-kavo-z-vzmetjo-58mm\\\/#primaryimage\"},\"thumbnailUrl\":\"https:\\\/\\\/orin.coffee\\\/wp-content\\\/uploads\\\/ele-custom-shapes\\\/kavno-pritiskalo-orin-coffee-tamper.avif\",\"datePublished\":\"2025-04-25T22:12:19+00:00\",\"dateModified\":\"2025-08-05T21:51:23+00:00\",\"breadcrumb\":{\"@id\":\"https:\\\/\\\/orin.coffee\\\/shop\\\/pritiskalo-za-kavo-z-vzmetjo-58mm\\\/#breadcrumb\"},\"inLanguage\":\"en-US\",\"potentialAction\":[{\"@type\":\"ReadAction\",\"target\":[\"https:\\\/\\\/orin.coffee\\\/shop\\\/pritiskalo-za-kavo-z-vzmetjo-58mm\\\/\"]}]},{\"@type\":\"ImageObject\",\"inLanguage\":\"en-US\",\"@id\":\"https:\\\/\\\/orin.coffee\\\/shop\\\/pritiskalo-za-kavo-z-vzmetjo-58mm\\\/#primaryimage\",\"url\":\"https:\\\/\\\/orin.coffee\\\/wp-content\\\/uploads\\\/ele-custom-shapes\\\/kavno-pritiskalo-orin-coffee-tamper.avif\",\"contentUrl\":\"https:\\\/\\\/orin.coffee\\\/wp-content\\\/uploads\\\/ele-custom-shapes\\\/kavno-pritiskalo-orin-coffee-tamper.avif\",\"width\":800,\"height\":800},{\"@type\":\"BreadcrumbList\",\"@id\":\"https:\\\/\\\/orin.coffee\\\/shop\\\/pritiskalo-za-kavo-z-vzmetjo-58mm\\\/#breadcrumb\",\"itemListElement\":[{\"@type\":\"ListItem\",\"position\":1,\"name\":\"Home\",\"item\":\"https:\\\/\\\/orin.coffee\\\/\"},{\"@type\":\"ListItem\",\"position\":2,\"name\":\"Shop\",\"item\":\"https:\\\/\\\/orin.coffee\\\/shop\\\/\"},{\"@type\":\"ListItem\",\"position\":3,\"name\":\"Pritiskalo za Kavo z vzmetjo 58,0mm\"}]},{\"@type\":\"WebSite\",\"@id\":\"https:\\\/\\\/orin.coffee\\\/#website\",\"url\":\"https:\\\/\\\/orin.coffee\\\/\",\"name\":\"Orin Coffee\",\"description\":\"Clean. Fresh. Redefined Coffee.\",\"publisher\":{\"@id\":\"https:\\\/\\\/orin.coffee\\\/#organization\"},\"potentialAction\":[{\"@type\":\"SearchAction\",\"target\":{\"@type\":\"EntryPoint\",\"urlTemplate\":\"https:\\\/\\\/orin.coffee\\\/?s={search_term_string}\"},\"query-input\":{\"@type\":\"PropertyValueSpecification\",\"valueRequired\":true,\"valueName\":\"search_term_string\"}}],\"inLanguage\":\"en-US\"},{\"@type\":\"Organization\",\"@id\":\"https:\\\/\\\/orin.coffee\\\/#organization\",\"name\":\"Orin Coffee\",\"url\":\"https:\\\/\\\/orin.coffee\\\/\",\"logo\":{\"@type\":\"ImageObject\",\"inLanguage\":\"en-US\",\"@id\":\"https:\\\/\\\/orin.coffee\\\/#\\\/schema\\\/logo\\\/image\\\/\",\"url\":\"https:\\\/\\\/orin.coffee\\\/wp-content\\\/uploads\\\/ele-custom-shapes\\\/orin-logo-alternative.png\",\"contentUrl\":\"https:\\\/\\\/orin.coffee\\\/wp-content\\\/uploads\\\/ele-custom-shapes\\\/orin-logo-alternative.png\",\"width\":400,\"height\":300,\"caption\":\"Orin Coffee\"},\"image\":{\"@id\":\"https:\\\/\\\/orin.coffee\\\/#\\\/schema\\\/logo\\\/image\\\/\"},\"sameAs\":[\"https:\\\/\\\/www.facebook.com\\\/OrinCoffee.si\",\"https:\\\/\\\/www.instagram.com\\\/orincoffee.si\"]}]}<\/script>\n<!-- \/ Yoast SEO plugin. -->","yoast_head_json":{"title":"Pritiskalo za Kavo z vzmetjo 58,0mm - \u00d8rin Coffee","robots":{"index":"index","follow":"follow","max-snippet":"max-snippet:-1","max-image-preview":"max-image-preview:large","max-video-preview":"max-video-preview:-1"},"canonical":"https:\/\/orin.coffee\/en\/shop\/pritiskalo-za-kavo-z-vzmetjo-58mm\/","og_locale":"en_US","og_type":"article","og_title":"Pritiskalo za Kavo z vzmetjo 58,0mm - \u00d8rin Coffee","og_description":"Vse je premi\u0161ljeno za en cilj \u2013 popolno ekstrakcijo.  Ta tamper poskrbi, da se tozgodi. Vgrajena vzmet ustvari popoln, ponovljiv pritisk. Vsaki\u010d. Brez ugibanja.  Zakaj ga boste obo\u017eevali:   Vgrajena vzmet \u2013 vedno enak pritisk za popolno ekstrakcijo  Konsistentni rezultati \u2013 od prve do zadnje skodelice  Manj napak \u2013 idealen za doma\u010de uporabnike in kavarne  Kakovostni materiali \u2013 nerjave\u010de jeklo in trpe\u017een ro\u010daj  Profesionalna izku\u0161nja \u2013 kot v najbolj\u0161ih kavarnah  Tvoj espresso bo vedno enak. Popoln.","og_url":"https:\/\/orin.coffee\/en\/shop\/pritiskalo-za-kavo-z-vzmetjo-58mm\/","og_site_name":"\u00d8rin Coffee","article_publisher":"https:\/\/www.facebook.com\/OrinCoffee.si","article_modified_time":"2025-08-05T21:51:23+00:00","twitter_card":"summary_large_image","twitter_misc":{"Est. reading time":"1 minute"},"schema":{"@context":"https:\/\/schema.org","@graph":[{"@type":"WebPage","@id":"https:\/\/orin.coffee\/shop\/pritiskalo-za-kavo-z-vzmetjo-58mm\/","url":"https:\/\/orin.coffee\/shop\/pritiskalo-za-kavo-z-vzmetjo-58mm\/","name":"Pritiskalo za Kavo z vzmetjo 58,0mm - \u00d8rin Coffee","isPartOf":{"@id":"https:\/\/orin.coffee\/#website"},"primaryImageOfPage":{"@id":"https:\/\/orin.coffee\/shop\/pritiskalo-za-kavo-z-vzmetjo-58mm\/#primaryimage"},"image":{"@id":"https:\/\/orin.coffee\/shop\/pritiskalo-za-kavo-z-vzmetjo-58mm\/#primaryimage"},"thumbnailUrl":"https:\/\/orin.coffee\/wp-content\/uploads\/ele-custom-shapes\/kavno-pritiskalo-orin-coffee-tamper.avif","datePublished":"2025-04-25T22:12:19+00:00","dateModified":"2025-08-05T21:51:23+00:00","breadcrumb":{"@id":"https:\/\/orin.coffee\/shop\/pritiskalo-za-kavo-z-vzmetjo-58mm\/#breadcrumb"},"inLanguage":"en-US","potentialAction":[{"@type":"ReadAction","target":["https:\/\/orin.coffee\/shop\/pritiskalo-za-kavo-z-vzmetjo-58mm\/"]}]},{"@type":"ImageObject","inLanguage":"en-US","@id":"https:\/\/orin.coffee\/shop\/pritiskalo-za-kavo-z-vzmetjo-58mm\/#primaryimage","url":"https:\/\/orin.coffee\/wp-content\/uploads\/ele-custom-shapes\/kavno-pritiskalo-orin-coffee-tamper.avif","contentUrl":"https:\/\/orin.coffee\/wp-content\/uploads\/ele-custom-shapes\/kavno-pritiskalo-orin-coffee-tamper.avif","width":800,"height":800},{"@type":"BreadcrumbList","@id":"https:\/\/orin.coffee\/shop\/pritiskalo-za-kavo-z-vzmetjo-58mm\/#breadcrumb","itemListElement":[{"@type":"ListItem","position":1,"name":"Home","item":"https:\/\/orin.coffee\/"},{"@type":"ListItem","position":2,"name":"Shop","item":"https:\/\/orin.coffee\/shop\/"},{"@type":"ListItem","position":3,"name":"Pritiskalo za Kavo z vzmetjo 58,0mm"}]},{"@type":"WebSite","@id":"https:\/\/orin.coffee\/#website","url":"https:\/\/orin.coffee\/","name":"Orin Coffee","description":"Clean. Fresh. Redefined Coffee.","publisher":{"@id":"https:\/\/orin.coffee\/#organization"},"potentialAction":[{"@type":"SearchAction","target":{"@type":"EntryPoint","urlTemplate":"https:\/\/orin.coffee\/?s={search_term_string}"},"query-input":{"@type":"PropertyValueSpecification","valueRequired":true,"valueName":"search_term_string"}}],"inLanguage":"en-US"},{"@type":"Organization","@id":"https:\/\/orin.coffee\/#organization","name":"Orin Coffee","url":"https:\/\/orin.coffee\/","logo":{"@type":"ImageObject","inLanguage":"en-US","@id":"https:\/\/orin.coffee\/#\/schema\/logo\/image\/","url":"https:\/\/orin.coffee\/wp-content\/uploads\/ele-custom-shapes\/orin-logo-alternative.png","contentUrl":"https:\/\/orin.coffee\/wp-content\/uploads\/ele-custom-shapes\/orin-logo-alternative.png","width":400,"height":300,"caption":"Orin Coffee"},"image":{"@id":"https:\/\/orin.coffee\/#\/schema\/logo\/image\/"},"sameAs":["https:\/\/www.facebook.com\/OrinCoffee.si","https:\/\/www.instagram.com\/orincoffee.si"]}]}},"_links":{"self":[{"href":"https:\/\/orin.coffee\/en\/wp-json\/wp\/v2\/product\/3514","targetHints":{"allow":["GET"]}}],"collection":[{"href":"https:\/\/orin.coffee\/en\/wp-json\/wp\/v2\/product"}],"about":[{"href":"https:\/\/orin.coffee\/en\/wp-json\/wp\/v2\/types\/product"}],"replies":[{"embeddable":true,"href":"https:\/\/orin.coffee\/en\/wp-json\/wp\/v2\/comments?post=3514"}],"version-history":[{"count":1,"href":"https:\/\/orin.coffee\/en\/wp-json\/wp\/v2\/product\/3514\/revisions"}],"predecessor-version":[{"id":4590,"href":"https:\/\/orin.coffee\/en\/wp-json\/wp\/v2\/product\/3514\/revisions\/4590"}],"wp:featuredmedia":[{"embeddable":true,"href":"https:\/\/orin.coffee\/en\/wp-json\/wp\/v2\/media\/4589"}],"wp:attachment":[{"href":"https:\/\/orin.coffee\/en\/wp-json\/wp\/v2\/media?parent=3514"}],"wp:term":[{"taxonomy":"product_cat","embeddable":true,"href":"https:\/\/orin.coffee\/en\/wp-json\/wp\/v2\/product_cat?post=3514"},{"taxonomy":"product_tag","embeddable":true,"href":"https:\/\/orin.coffee\/en\/wp-json\/wp\/v2\/product_tag?post=3514"}],"curies":[{"name":"wp","href":"https:\/\/api.w.org\/{rel}","templated":true}]}}