{"id":3539,"date":"2025-04-27T14:12:00","date_gmt":"2025-04-27T14:12:00","guid":{"rendered":"https:\/\/orin.coffee\/?post_type=product&#038;p=3539"},"modified":"2026-03-29T16:06:27","modified_gmt":"2026-03-29T14:06:27","slug":"kavna-mesanica-orin-lumina","status":"publish","type":"product","link":"https:\/\/orin.coffee\/en\/shop\/kavna-mesanica-orin-lumina\/","title":{"rendered":"\u00d8rin Lumina coffee blend"},"content":{"rendered":"<div data-elementor-type=\"product-post\" data-elementor-id=\"3539\" class=\"elementor elementor-3539\" data-elementor-post-type=\"product\">\n\t\t\t\t<div class=\"elementor-element elementor-element-519cb931 e-con-full e-flex e-con e-parent\" data-id=\"519cb931\" data-element_type=\"container\" data-e-type=\"container\">\n\t\t<div class=\"elementor-element elementor-element-17426021 e-con-full e-flex e-con e-child\" data-id=\"17426021\" data-element_type=\"container\" data-e-type=\"container\">\n\t\t\t\t<div class=\"elementor-element elementor-element-5ef0c9b8 elementor-mobile_extra-align-center subtitle-position-below elementor-widget elementor-widget-heading\" data-id=\"5ef0c9b8\" data-element_type=\"widget\" data-e-type=\"widget\" data-widget_type=\"heading.default\">\n\t\t\t\t<div class=\"elementor-widget-container\">\n\t\t\t\t\t<div class=\"elementor-heading-wrapper-inner\"><h2 class=\"elementor-heading-title elementor-size-xxl\">Taste profile<\/h2><div class=\"elementor-sub-title\">Carefully crafted from the finest beans, selected with precision and love, Lumina is a coffee that is not just a beverage, but an experience. Its exceptional sweetness and creamy texture combine rich notes of cocoa, roasted almonds and berries into an experience that awakens the senses.\n<\/div><\/div>\t\t\t\t<\/div>\n\t\t\t\t<\/div>\n\t\t<div class=\"elementor-element elementor-element-469fbba9 e-flex e-con-boxed e-con e-child\" data-id=\"469fbba9\" data-element_type=\"container\" data-e-type=\"container\">\n\t\t\t\t\t<div class=\"e-con-inner\">\n\t\t<div class=\"elementor-element elementor-element-d504ad8 e-con-full e-flex e-con e-child\" data-id=\"d504ad8\" data-element_type=\"container\" data-e-type=\"container\">\n\t\t\t\t<div class=\"elementor-element elementor-element-dbb3465 elementor-widget elementor-widget-text-editor\" data-id=\"dbb3465\" data-element_type=\"widget\" data-e-type=\"widget\" data-widget_type=\"text-editor.default\">\n\t\t\t\t<div class=\"elementor-widget-container\">\n\t\t\t\t\t\t\t\t\t<p>SENSORY NOTES<\/p>\t\t\t\t\t\t\t\t<\/div>\n\t\t\t\t<\/div>\n\t\t\t\t<\/div>\n\t\t<div class=\"elementor-element elementor-element-392b8308 e-con-full e-flex e-con e-child\" data-id=\"392b8308\" data-element_type=\"container\" data-e-type=\"container\">\n\t\t\t\t<div class=\"elementor-element elementor-element-13a30ea4 elementor-widget elementor-widget-text-editor\" data-id=\"13a30ea4\" data-element_type=\"widget\" data-e-type=\"widget\" data-widget_type=\"text-editor.default\">\n\t\t\t\t<div class=\"elementor-widget-container\">\n\t\t\t\t\t\t\t\t\tCocoa, roasted almonds, berries\t\t\t\t\t\t\t\t<\/div>\n\t\t\t\t<\/div>\n\t\t\t\t<\/div>\n\t\t\t\t\t<\/div>\n\t\t\t\t<\/div>\n\t\t<div class=\"elementor-element elementor-element-2b379d48 e-con-full e-flex e-con e-child\" data-id=\"2b379d48\" data-element_type=\"container\" data-e-type=\"container\">\n\t\t<div class=\"elementor-element elementor-element-1f9a265c e-con-full e-flex e-con e-child\" data-id=\"1f9a265c\" data-element_type=\"container\" data-e-type=\"container\">\n\t\t\t\t<div class=\"elementor-element elementor-element-4dde8b89 elementor-widget elementor-widget-text-editor\" data-id=\"4dde8b89\" data-element_type=\"widget\" data-e-type=\"widget\" data-widget_type=\"text-editor.default\">\n\t\t\t\t<div class=\"elementor-widget-container\">\n\t\t\t\t\t\t\t\t\t<p>COMPOSED<\/p>\t\t\t\t\t\t\t\t<\/div>\n\t\t\t\t<\/div>\n\t\t\t\t<\/div>\n\t\t<div class=\"elementor-element elementor-element-499642c7 e-con-full e-flex e-con e-child\" data-id=\"499642c7\" data-element_type=\"container\" data-e-type=\"container\">\n\t\t\t\t<div class=\"elementor-element elementor-element-6b3e4498 elementor-widget elementor-widget-text-editor\" data-id=\"6b3e4498\" data-element_type=\"widget\" data-e-type=\"widget\" data-widget_type=\"text-editor.default\">\n\t\t\t\t<div class=\"elementor-widget-container\">\n\t\t\t\t\t\t\t\t\t<p>Brazil Capara\u00f3, natural<br \/>Ethiopia Yirgachefe, washed<\/p>\t\t\t\t\t\t\t\t<\/div>\n\t\t\t\t<\/div>\n\t\t\t\t<\/div>\n\t\t\t\t<\/div>\n\t\t\t\t<\/div>\n\t\t<div class=\"elementor-element elementor-element-30b4205f e-con-full e-flex e-con e-child\" data-id=\"30b4205f\" data-element_type=\"container\" data-e-type=\"container\">\n\t\t\t\t<div class=\"elementor-element elementor-element-52defc77 elementor-widget elementor-widget-image\" data-id=\"52defc77\" data-element_type=\"widget\" data-e-type=\"widget\" data-widget_type=\"image.default\">\n\t\t\t\t<div class=\"elementor-widget-container\">\n\t\t\t\t\t\t\t\t\t\t\t\t\t\t\t<img fetchpriority=\"high\" decoding=\"async\" width=\"400\" height=\"400\" src=\"https:\/\/orin.coffee\/wp-content\/uploads\/ele-custom-shapes\/mesanica-lumina-profil.avif\" class=\"attachment-full size-full wp-image-4102\" alt=\"\" srcset=\"https:\/\/orin.coffee\/wp-content\/uploads\/ele-custom-shapes\/mesanica-lumina-profil.avif 400w, https:\/\/orin.coffee\/wp-content\/uploads\/ele-custom-shapes\/mesanica-lumina-profil-300x300.avif 300w, https:\/\/orin.coffee\/wp-content\/uploads\/ele-custom-shapes\/mesanica-lumina-profil-150x150.avif 150w, https:\/\/orin.coffee\/wp-content\/uploads\/ele-custom-shapes\/mesanica-lumina-profil-12x12.avif 12w, https:\/\/orin.coffee\/wp-content\/uploads\/ele-custom-shapes\/mesanica-lumina-profil-90x90.avif 90w, https:\/\/orin.coffee\/wp-content\/uploads\/ele-custom-shapes\/mesanica-lumina-profil-80x80.avif 80w\" sizes=\"(max-width: 400px) 100vw, 400px\" \/>\t\t\t\t\t\t\t\t\t\t\t\t\t\t\t<\/div>\n\t\t\t\t<\/div>\n\t\t\t\t<div class=\"elementor-element elementor-element-d68eba5 elementor-widget elementor-widget-image\" data-id=\"d68eba5\" data-element_type=\"widget\" data-e-type=\"widget\" data-widget_type=\"image.default\">\n\t\t\t\t<div class=\"elementor-widget-container\">\n\t\t\t\t\t\t\t\t\t\t\t\t\t\t\t<img decoding=\"async\" width=\"600\" height=\"250\" src=\"https:\/\/orin.coffee\/wp-content\/uploads\/ele-custom-shapes\/mesanica-lumina-senzoricne-note.avif\" class=\"attachment-full size-full wp-image-4103\" alt=\"\" srcset=\"https:\/\/orin.coffee\/wp-content\/uploads\/ele-custom-shapes\/mesanica-lumina-senzoricne-note.avif 600w, https:\/\/orin.coffee\/wp-content\/uploads\/ele-custom-shapes\/mesanica-lumina-senzoricne-note-300x125.avif 300w, https:\/\/orin.coffee\/wp-content\/uploads\/ele-custom-shapes\/mesanica-lumina-senzoricne-note-18x8.avif 18w\" sizes=\"(max-width: 600px) 100vw, 600px\" \/>\t\t\t\t\t\t\t\t\t\t\t\t\t\t\t<\/div>\n\t\t\t\t<\/div>\n\t\t\t\t<\/div>\n\t\t\t\t<\/div>\n\t\t<div class=\"elementor-element elementor-element-5b602d85 e-flex e-con-boxed e-con e-parent\" data-id=\"5b602d85\" data-element_type=\"container\" data-e-type=\"container\">\n\t\t\t\t\t<div class=\"e-con-inner\">\n\t\t\t\t<div class=\"elementor-element elementor-element-12d80f6c elementor-grid-4 arucafe-image-gallery-default arucafe-image-gallery-style-1 elementor-widget elementor-widget-arucafe-image-gallery\" data-id=\"12d80f6c\" data-element_type=\"widget\" data-e-type=\"widget\" data-settings=\"{&quot;column&quot;:&quot;4&quot;,&quot;column_spacing&quot;:{&quot;unit&quot;:&quot;px&quot;,&quot;size&quot;:20,&quot;sizes&quot;:[]}}\" data-widget_type=\"arucafe-image-gallery.default\">\n\t\t\t\t<div class=\"elementor-widget-container\">\n\t\t\t\t\t\n        <div class=\"elementor-pavo-image-gallery\">\n            <div class=\"elementor-flex isotope-grid\">\n                                    <div class=\"grid__item gallery_group_all gallery_group_0\">\n                        <div class=\"gallery-image\">\n                            <a  href=\"https:\/\/orin.coffee\/wp-content\/uploads\/ele-custom-shapes\/ORIN-Coffee-loncek-za-mleko-\u2013-umetnost-latte-art-doma-in-v-kavarni.avif\">\n                                <img decoding=\"async\" src=\"https:\/\/orin.coffee\/wp-content\/uploads\/ele-custom-shapes\/ORIN-Coffee-loncek-za-mleko-\u2013-umetnost-latte-art-doma-in-v-kavarni.avif\" alt=\"ORIN Coffee lon\u010dek za mleko \u2013 umetnost latte art doma in v kavarni\"\/>\n                                \n                            <\/a>\n                        <\/div>\n                    <\/div>\n                                    <div class=\"grid__item gallery_group_all gallery_group_0\">\n                        <div class=\"gallery-image\">\n                            <a  href=\"https:\/\/orin.coffee\/wp-content\/uploads\/ele-custom-shapes\/orin-specialty-coffee-1.png\">\n                                <img decoding=\"async\" src=\"https:\/\/orin.coffee\/wp-content\/uploads\/ele-custom-shapes\/orin-specialty-coffee-1.png\" alt=\"orin specialty coffee\"\/>\n                                \n                            <\/a>\n                        <\/div>\n                    <\/div>\n                                    <div class=\"grid__item gallery_group_all gallery_group_0\">\n                        <div class=\"gallery-image\">\n                            <a  href=\"https:\/\/orin.coffee\/wp-content\/uploads\/ele-custom-shapes\/ORIN-Coffee-mlecni-napitek-z-lonckom-za-mleko-\u2013-umetnost-latte-art-doma-in-v-kavarni.avif\">\n                                <img decoding=\"async\" src=\"https:\/\/orin.coffee\/wp-content\/uploads\/ele-custom-shapes\/ORIN-Coffee-mlecni-napitek-z-lonckom-za-mleko-\u2013-umetnost-latte-art-doma-in-v-kavarni.avif\" alt=\"ORIN Coffee mle\u010dni napitek z lon\u010dkom za mleko \u2013 umetnost latte art doma in v kavarni\"\/>\n                                \n                            <\/a>\n                        <\/div>\n                    <\/div>\n                                    <div class=\"grid__item gallery_group_all gallery_group_0\">\n                        <div class=\"gallery-image\">\n                            <a  href=\"https:\/\/orin.coffee\/wp-content\/uploads\/ele-custom-shapes\/specialty-kava-Orin-sveze-prazena.avif\">\n                                <img decoding=\"async\" src=\"https:\/\/orin.coffee\/wp-content\/uploads\/ele-custom-shapes\/specialty-kava-Orin-sveze-prazena.avif\" alt=\"specialty-kava-Orin-sveze-prazena\"\/>\n                                \n                            <\/a>\n                        <\/div>\n                    <\/div>\n                            <\/div>\n        <\/div>\n        \t\t\t\t<\/div>\n\t\t\t\t<\/div>\n\t\t\t\t\t<\/div>\n\t\t\t\t<\/div>\n\t\t\t\t<\/div>","protected":false},"excerpt":{"rendered":"<div class=\"elementor-element elementor-element-b305414 e-flex e-con-boxed e-con e-child\" data-id=\"b305414\" data-element_type=\"container\">\n<div class=\"e-con-inner\">\n<div class=\"elementor-element elementor-element-799fab5 e-con-full e-flex e-con e-child\" data-id=\"799fab5\" data-element_type=\"container\">\n<div class=\"elementor-element elementor-element-06409b9 elementor-widget elementor-widget-text-editor\" data-id=\"06409b9\" data-element_type=\"widget\" data-widget_type=\"text-editor.default\">\n<div class=\"elementor-widget-container\"><\/div>\n<\/div>\n<\/div>\n<\/div>\n<\/div>\n<div class=\"elementor-element elementor-element-768fb21 e-flex e-con-boxed e-con e-child\" data-id=\"768fb21\" data-element_type=\"container\">\n<div class=\"e-con-inner\">\n<div class=\"elementor-element elementor-element-bc019f9 e-con-full e-flex e-con e-child\" data-id=\"bc019f9\" data-element_type=\"container\">\n<div class=\"elementor-element elementor-element-8e1bf08 subtitle-position-above elementor-widget elementor-widget-heading\" data-id=\"8e1bf08\" data-element_type=\"widget\" data-widget_type=\"heading.default\">\n<div class=\"elementor-widget-container\">\n<div class=\"elementor-heading-wrapper-inner\"><\/div>\n<\/div>\n<\/div>\n<\/div>\n<\/div>\n<\/div>","protected":false},"featured_media":5944,"comment_status":"open","ping_status":"closed","template":"","meta":[],"product_cat":[105,102],"product_tag":[],"class_list":{"0":"post-3539","1":"product","2":"type-product","3":"status-publish","4":"has-post-thumbnail","6":"product_cat-kavne-mesanice","7":"product_cat-specialty-kava","9":"first","10":"instock","11":"featured","12":"taxable","13":"shipping-taxable","14":"purchasable","15":"product-type-variable","16":"has-default-attributes"},"yoast_head":"<!-- This site is optimized with the Yoast SEO plugin v27.6 - https:\/\/yoast.com\/product\/yoast-seo-wordpress\/ -->\n<title>Kavna me\u0161anica \u00d8rin Lumina - \u00d8rin Coffee<\/title>\n<meta name=\"robots\" content=\"index, follow, max-snippet:-1, max-image-preview:large, max-video-preview:-1\" \/>\n<link rel=\"canonical\" href=\"https:\/\/orin.coffee\/en\/shop\/kavna-mesanica-orin-lumina\/\" \/>\n<meta property=\"og:locale\" content=\"en_US\" \/>\n<meta property=\"og:type\" content=\"article\" \/>\n<meta property=\"og:title\" content=\"Kavna me\u0161anica \u00d8rin Lumina - \u00d8rin Coffee\" \/>\n<meta property=\"og:url\" content=\"https:\/\/orin.coffee\/en\/shop\/kavna-mesanica-orin-lumina\/\" \/>\n<meta property=\"og:site_name\" content=\"\u00d8rin Coffee\" \/>\n<meta property=\"article:publisher\" content=\"https:\/\/www.facebook.com\/OrinCoffee.si\" \/>\n<meta property=\"article:modified_time\" content=\"2026-03-29T14:06:27+00:00\" \/>\n<meta name=\"twitter:card\" content=\"summary_large_image\" \/>\n<meta name=\"twitter:label1\" content=\"Est. reading time\" \/>\n\t<meta name=\"twitter:data1\" content=\"2 minutes\" \/>\n<script type=\"application\/ld+json\" class=\"yoast-schema-graph\">{\"@context\":\"https:\\\/\\\/schema.org\",\"@graph\":[{\"@type\":\"WebPage\",\"@id\":\"https:\\\/\\\/orin.coffee\\\/shop\\\/kavna-mesanica-orin-lumina\\\/\",\"url\":\"https:\\\/\\\/orin.coffee\\\/shop\\\/kavna-mesanica-orin-lumina\\\/\",\"name\":\"Kavna me\u0161anica \u00d8rin Lumina - \u00d8rin Coffee\",\"isPartOf\":{\"@id\":\"https:\\\/\\\/orin.coffee\\\/#website\"},\"primaryImageOfPage\":{\"@id\":\"https:\\\/\\\/orin.coffee\\\/shop\\\/kavna-mesanica-orin-lumina\\\/#primaryimage\"},\"image\":{\"@id\":\"https:\\\/\\\/orin.coffee\\\/shop\\\/kavna-mesanica-orin-lumina\\\/#primaryimage\"},\"thumbnailUrl\":\"https:\\\/\\\/orin.coffee\\\/wp-content\\\/uploads\\\/2026\\\/03\\\/lumina.avif\",\"datePublished\":\"2025-04-27T14:12:00+00:00\",\"dateModified\":\"2026-03-29T14:06:27+00:00\",\"breadcrumb\":{\"@id\":\"https:\\\/\\\/orin.coffee\\\/shop\\\/kavna-mesanica-orin-lumina\\\/#breadcrumb\"},\"inLanguage\":\"en-US\",\"potentialAction\":[{\"@type\":\"ReadAction\",\"target\":[\"https:\\\/\\\/orin.coffee\\\/shop\\\/kavna-mesanica-orin-lumina\\\/\"]}]},{\"@type\":\"ImageObject\",\"inLanguage\":\"en-US\",\"@id\":\"https:\\\/\\\/orin.coffee\\\/shop\\\/kavna-mesanica-orin-lumina\\\/#primaryimage\",\"url\":\"https:\\\/\\\/orin.coffee\\\/wp-content\\\/uploads\\\/2026\\\/03\\\/lumina.avif\",\"contentUrl\":\"https:\\\/\\\/orin.coffee\\\/wp-content\\\/uploads\\\/2026\\\/03\\\/lumina.avif\",\"width\":1984,\"height\":1984},{\"@type\":\"BreadcrumbList\",\"@id\":\"https:\\\/\\\/orin.coffee\\\/shop\\\/kavna-mesanica-orin-lumina\\\/#breadcrumb\",\"itemListElement\":[{\"@type\":\"ListItem\",\"position\":1,\"name\":\"Home\",\"item\":\"https:\\\/\\\/orin.coffee\\\/\"},{\"@type\":\"ListItem\",\"position\":2,\"name\":\"Shop\",\"item\":\"https:\\\/\\\/orin.coffee\\\/shop\\\/\"},{\"@type\":\"ListItem\",\"position\":3,\"name\":\"Kavna me\u0161anica \u00d8rin Lumina\"}]},{\"@type\":\"WebSite\",\"@id\":\"https:\\\/\\\/orin.coffee\\\/#website\",\"url\":\"https:\\\/\\\/orin.coffee\\\/\",\"name\":\"Orin Coffee\",\"description\":\"Clean. Fresh. Redefined Coffee.\",\"publisher\":{\"@id\":\"https:\\\/\\\/orin.coffee\\\/#organization\"},\"potentialAction\":[{\"@type\":\"SearchAction\",\"target\":{\"@type\":\"EntryPoint\",\"urlTemplate\":\"https:\\\/\\\/orin.coffee\\\/?s={search_term_string}\"},\"query-input\":{\"@type\":\"PropertyValueSpecification\",\"valueRequired\":true,\"valueName\":\"search_term_string\"}}],\"inLanguage\":\"en-US\"},{\"@type\":\"Organization\",\"@id\":\"https:\\\/\\\/orin.coffee\\\/#organization\",\"name\":\"Orin Coffee\",\"url\":\"https:\\\/\\\/orin.coffee\\\/\",\"logo\":{\"@type\":\"ImageObject\",\"inLanguage\":\"en-US\",\"@id\":\"https:\\\/\\\/orin.coffee\\\/#\\\/schema\\\/logo\\\/image\\\/\",\"url\":\"https:\\\/\\\/orin.coffee\\\/wp-content\\\/uploads\\\/ele-custom-shapes\\\/orin-logo-alternative.png\",\"contentUrl\":\"https:\\\/\\\/orin.coffee\\\/wp-content\\\/uploads\\\/ele-custom-shapes\\\/orin-logo-alternative.png\",\"width\":400,\"height\":300,\"caption\":\"Orin Coffee\"},\"image\":{\"@id\":\"https:\\\/\\\/orin.coffee\\\/#\\\/schema\\\/logo\\\/image\\\/\"},\"sameAs\":[\"https:\\\/\\\/www.facebook.com\\\/OrinCoffee.si\",\"https:\\\/\\\/www.instagram.com\\\/orincoffee.si\"]}]}<\/script>\n<!-- \/ Yoast SEO plugin. -->","yoast_head_json":{"title":"Kavna me\u0161anica \u00d8rin Lumina - \u00d8rin Coffee","robots":{"index":"index","follow":"follow","max-snippet":"max-snippet:-1","max-image-preview":"max-image-preview:large","max-video-preview":"max-video-preview:-1"},"canonical":"https:\/\/orin.coffee\/en\/shop\/kavna-mesanica-orin-lumina\/","og_locale":"en_US","og_type":"article","og_title":"Kavna me\u0161anica \u00d8rin Lumina - \u00d8rin Coffee","og_url":"https:\/\/orin.coffee\/en\/shop\/kavna-mesanica-orin-lumina\/","og_site_name":"\u00d8rin Coffee","article_publisher":"https:\/\/www.facebook.com\/OrinCoffee.si","article_modified_time":"2026-03-29T14:06:27+00:00","twitter_card":"summary_large_image","twitter_misc":{"Est. reading time":"2 minutes"},"schema":{"@context":"https:\/\/schema.org","@graph":[{"@type":"WebPage","@id":"https:\/\/orin.coffee\/shop\/kavna-mesanica-orin-lumina\/","url":"https:\/\/orin.coffee\/shop\/kavna-mesanica-orin-lumina\/","name":"Kavna me\u0161anica \u00d8rin Lumina - \u00d8rin Coffee","isPartOf":{"@id":"https:\/\/orin.coffee\/#website"},"primaryImageOfPage":{"@id":"https:\/\/orin.coffee\/shop\/kavna-mesanica-orin-lumina\/#primaryimage"},"image":{"@id":"https:\/\/orin.coffee\/shop\/kavna-mesanica-orin-lumina\/#primaryimage"},"thumbnailUrl":"https:\/\/orin.coffee\/wp-content\/uploads\/2026\/03\/lumina.avif","datePublished":"2025-04-27T14:12:00+00:00","dateModified":"2026-03-29T14:06:27+00:00","breadcrumb":{"@id":"https:\/\/orin.coffee\/shop\/kavna-mesanica-orin-lumina\/#breadcrumb"},"inLanguage":"en-US","potentialAction":[{"@type":"ReadAction","target":["https:\/\/orin.coffee\/shop\/kavna-mesanica-orin-lumina\/"]}]},{"@type":"ImageObject","inLanguage":"en-US","@id":"https:\/\/orin.coffee\/shop\/kavna-mesanica-orin-lumina\/#primaryimage","url":"https:\/\/orin.coffee\/wp-content\/uploads\/2026\/03\/lumina.avif","contentUrl":"https:\/\/orin.coffee\/wp-content\/uploads\/2026\/03\/lumina.avif","width":1984,"height":1984},{"@type":"BreadcrumbList","@id":"https:\/\/orin.coffee\/shop\/kavna-mesanica-orin-lumina\/#breadcrumb","itemListElement":[{"@type":"ListItem","position":1,"name":"Home","item":"https:\/\/orin.coffee\/"},{"@type":"ListItem","position":2,"name":"Shop","item":"https:\/\/orin.coffee\/shop\/"},{"@type":"ListItem","position":3,"name":"Kavna me\u0161anica \u00d8rin Lumina"}]},{"@type":"WebSite","@id":"https:\/\/orin.coffee\/#website","url":"https:\/\/orin.coffee\/","name":"Orin Coffee","description":"Clean. Fresh. Redefined Coffee.","publisher":{"@id":"https:\/\/orin.coffee\/#organization"},"potentialAction":[{"@type":"SearchAction","target":{"@type":"EntryPoint","urlTemplate":"https:\/\/orin.coffee\/?s={search_term_string}"},"query-input":{"@type":"PropertyValueSpecification","valueRequired":true,"valueName":"search_term_string"}}],"inLanguage":"en-US"},{"@type":"Organization","@id":"https:\/\/orin.coffee\/#organization","name":"Orin Coffee","url":"https:\/\/orin.coffee\/","logo":{"@type":"ImageObject","inLanguage":"en-US","@id":"https:\/\/orin.coffee\/#\/schema\/logo\/image\/","url":"https:\/\/orin.coffee\/wp-content\/uploads\/ele-custom-shapes\/orin-logo-alternative.png","contentUrl":"https:\/\/orin.coffee\/wp-content\/uploads\/ele-custom-shapes\/orin-logo-alternative.png","width":400,"height":300,"caption":"Orin Coffee"},"image":{"@id":"https:\/\/orin.coffee\/#\/schema\/logo\/image\/"},"sameAs":["https:\/\/www.facebook.com\/OrinCoffee.si","https:\/\/www.instagram.com\/orincoffee.si"]}]}},"_links":{"self":[{"href":"https:\/\/orin.coffee\/en\/wp-json\/wp\/v2\/product\/3539","targetHints":{"allow":["GET"]}}],"collection":[{"href":"https:\/\/orin.coffee\/en\/wp-json\/wp\/v2\/product"}],"about":[{"href":"https:\/\/orin.coffee\/en\/wp-json\/wp\/v2\/types\/product"}],"replies":[{"embeddable":true,"href":"https:\/\/orin.coffee\/en\/wp-json\/wp\/v2\/comments?post=3539"}],"version-history":[{"count":5,"href":"https:\/\/orin.coffee\/en\/wp-json\/wp\/v2\/product\/3539\/revisions"}],"predecessor-version":[{"id":5466,"href":"https:\/\/orin.coffee\/en\/wp-json\/wp\/v2\/product\/3539\/revisions\/5466"}],"wp:featuredmedia":[{"embeddable":true,"href":"https:\/\/orin.coffee\/en\/wp-json\/wp\/v2\/media\/5944"}],"wp:attachment":[{"href":"https:\/\/orin.coffee\/en\/wp-json\/wp\/v2\/media?parent=3539"}],"wp:term":[{"taxonomy":"product_cat","embeddable":true,"href":"https:\/\/orin.coffee\/en\/wp-json\/wp\/v2\/product_cat?post=3539"},{"taxonomy":"product_tag","embeddable":true,"href":"https:\/\/orin.coffee\/en\/wp-json\/wp\/v2\/product_tag?post=3539"}],"curies":[{"name":"wp","href":"https:\/\/api.w.org\/{rel}","templated":true}]}}