{"id":4584,"date":"2025-08-05T17:05:27","date_gmt":"2025-08-05T15:05:27","guid":{"rendered":"https:\/\/orin.coffee\/?post_type=product&#038;p=4584"},"modified":"2025-08-05T23:56:43","modified_gmt":"2025-08-05T21:56:43","slug":"loncek-za-penjenje-mleka","status":"publish","type":"product","link":"https:\/\/orin.coffee\/en\/shop\/loncek-za-penjenje-mleka\/","title":{"rendered":"Milk frothing pot"},"content":{"rendered":"<p>Advantages for professional use:<\/p>\n<ul>\n<li>High-quality stainless steel (inox) \u2013 corrosion-resistant and suitable for intensive use<\/li>\n<li>Precise spout for better pouring control \u2013 ideal for latte art<\/li>\n<li>Ergonomic handle allows safe and comfortable handling even during prolonged use<\/li>\n<li>Capacities 350 ml or 600 ml<\/li>\n<li>Dishwasher safe \u2013 quick cleaning and reduced maintenance costs<\/li>\n<\/ul>\n<p><strong>Why choose our pot?<\/strong><\/p>\n<p>A reliable choice for professional milk frothing in any environment. Ideal for catering establishments that value precision, aesthetics and durability. The product is also suitable for resale or inclusion in barista sets.<\/p>","protected":false},"excerpt":{"rendered":"<p>A reliable tool for professional users who want consistent quality and aesthetic perfection in every cup. Our milk frother is designed with the needs of cafes, restaurants and baristas in mind - precise, durable and easy to use.<\/p>","protected":false},"featured_media":4594,"comment_status":"open","ping_status":"closed","template":"","meta":[],"product_cat":[100,101],"product_tag":[],"class_list":{"0":"post-4584","1":"product","2":"type-product","3":"status-publish","4":"has-post-thumbnail","6":"product_cat-oprema-za-kavo","7":"product_cat-podpora-za-podjetja","9":"first","10":"instock","11":"sale","12":"taxable","13":"shipping-taxable","14":"purchasable","15":"product-type-variable"},"yoast_head":"<!-- This site is optimized with the Yoast SEO plugin v27.5 - https:\/\/yoast.com\/product\/yoast-seo-wordpress\/ -->\n<title>Lon\u010dek za penjenje mleka - \u00d8rin Coffee<\/title>\n<meta name=\"description\" content=\"PULY CAFF Plus je vrhunski \u010distilni pra\u0161ek, zasnovan posebej za u\u010dinkovito odstranjevanje kavne ma\u0161\u010dobe in ostankov iz ventilov, grup, ro\u010dk, filtrov, skodelic ter drugih delov kavnega aparata.\" \/>\n<meta name=\"robots\" content=\"index, follow, max-snippet:-1, max-image-preview:large, max-video-preview:-1\" \/>\n<link rel=\"canonical\" href=\"https:\/\/orin.coffee\/en\/shop\/loncek-za-penjenje-mleka\/\" \/>\n<meta property=\"og:locale\" content=\"en_US\" \/>\n<meta property=\"og:type\" content=\"article\" \/>\n<meta property=\"og:title\" content=\"Lon\u010dek za penjenje mleka - \u00d8rin Coffee\" \/>\n<meta property=\"og:description\" content=\"PULY CAFF Plus je vrhunski \u010distilni pra\u0161ek, zasnovan posebej za u\u010dinkovito odstranjevanje kavne ma\u0161\u010dobe in ostankov iz ventilov, grup, ro\u010dk, filtrov, skodelic ter drugih delov kavnega aparata.\" \/>\n<meta property=\"og:url\" content=\"https:\/\/orin.coffee\/en\/shop\/loncek-za-penjenje-mleka\/\" \/>\n<meta property=\"og:site_name\" content=\"\u00d8rin Coffee\" \/>\n<meta property=\"article:publisher\" content=\"https:\/\/www.facebook.com\/OrinCoffee.si\" \/>\n<meta property=\"article:modified_time\" content=\"2025-08-05T21:56:43+00:00\" \/>\n<meta name=\"twitter:card\" content=\"summary_large_image\" \/>\n<meta name=\"twitter:label1\" content=\"Est. reading time\" \/>\n\t<meta name=\"twitter:data1\" content=\"1 minute\" \/>\n<script type=\"application\/ld+json\" class=\"yoast-schema-graph\">{\"@context\":\"https:\\\/\\\/schema.org\",\"@graph\":[{\"@type\":\"WebPage\",\"@id\":\"https:\\\/\\\/orin.coffee\\\/shop\\\/loncek-za-penjenje-mleka\\\/\",\"url\":\"https:\\\/\\\/orin.coffee\\\/shop\\\/loncek-za-penjenje-mleka\\\/\",\"name\":\"Lon\u010dek za penjenje mleka - \u00d8rin Coffee\",\"isPartOf\":{\"@id\":\"https:\\\/\\\/orin.coffee\\\/#website\"},\"primaryImageOfPage\":{\"@id\":\"https:\\\/\\\/orin.coffee\\\/shop\\\/loncek-za-penjenje-mleka\\\/#primaryimage\"},\"image\":{\"@id\":\"https:\\\/\\\/orin.coffee\\\/shop\\\/loncek-za-penjenje-mleka\\\/#primaryimage\"},\"thumbnailUrl\":\"https:\\\/\\\/orin.coffee\\\/wp-content\\\/uploads\\\/ele-custom-shapes\\\/ORIN-Coffee-mlecni-pitcher-\u2013-barista-oprema.avif\",\"datePublished\":\"2025-08-05T15:05:27+00:00\",\"dateModified\":\"2025-08-05T21:56:43+00:00\",\"description\":\"PULY CAFF Plus je vrhunski \u010distilni pra\u0161ek, zasnovan posebej za u\u010dinkovito odstranjevanje kavne ma\u0161\u010dobe in ostankov iz ventilov, grup, ro\u010dk, filtrov, skodelic ter drugih delov kavnega aparata.\",\"breadcrumb\":{\"@id\":\"https:\\\/\\\/orin.coffee\\\/shop\\\/loncek-za-penjenje-mleka\\\/#breadcrumb\"},\"inLanguage\":\"en-US\",\"potentialAction\":[{\"@type\":\"ReadAction\",\"target\":[\"https:\\\/\\\/orin.coffee\\\/shop\\\/loncek-za-penjenje-mleka\\\/\"]}]},{\"@type\":\"ImageObject\",\"inLanguage\":\"en-US\",\"@id\":\"https:\\\/\\\/orin.coffee\\\/shop\\\/loncek-za-penjenje-mleka\\\/#primaryimage\",\"url\":\"https:\\\/\\\/orin.coffee\\\/wp-content\\\/uploads\\\/ele-custom-shapes\\\/ORIN-Coffee-mlecni-pitcher-\u2013-barista-oprema.avif\",\"contentUrl\":\"https:\\\/\\\/orin.coffee\\\/wp-content\\\/uploads\\\/ele-custom-shapes\\\/ORIN-Coffee-mlecni-pitcher-\u2013-barista-oprema.avif\",\"width\":600,\"height\":600,\"caption\":\"Minimalisti\u010den mle\u010dni vr\u010d ORIN Coffee za popolno penjenje mleka in latte art.\"},{\"@type\":\"BreadcrumbList\",\"@id\":\"https:\\\/\\\/orin.coffee\\\/shop\\\/loncek-za-penjenje-mleka\\\/#breadcrumb\",\"itemListElement\":[{\"@type\":\"ListItem\",\"position\":1,\"name\":\"Home\",\"item\":\"https:\\\/\\\/orin.coffee\\\/\"},{\"@type\":\"ListItem\",\"position\":2,\"name\":\"Shop\",\"item\":\"https:\\\/\\\/orin.coffee\\\/shop\\\/\"},{\"@type\":\"ListItem\",\"position\":3,\"name\":\"Lon\u010dek za penjenje mleka\"}]},{\"@type\":\"WebSite\",\"@id\":\"https:\\\/\\\/orin.coffee\\\/#website\",\"url\":\"https:\\\/\\\/orin.coffee\\\/\",\"name\":\"Orin Coffee\",\"description\":\"Clean. Fresh. Redefined Coffee.\",\"publisher\":{\"@id\":\"https:\\\/\\\/orin.coffee\\\/#organization\"},\"potentialAction\":[{\"@type\":\"SearchAction\",\"target\":{\"@type\":\"EntryPoint\",\"urlTemplate\":\"https:\\\/\\\/orin.coffee\\\/?s={search_term_string}\"},\"query-input\":{\"@type\":\"PropertyValueSpecification\",\"valueRequired\":true,\"valueName\":\"search_term_string\"}}],\"inLanguage\":\"en-US\"},{\"@type\":\"Organization\",\"@id\":\"https:\\\/\\\/orin.coffee\\\/#organization\",\"name\":\"Orin Coffee\",\"url\":\"https:\\\/\\\/orin.coffee\\\/\",\"logo\":{\"@type\":\"ImageObject\",\"inLanguage\":\"en-US\",\"@id\":\"https:\\\/\\\/orin.coffee\\\/#\\\/schema\\\/logo\\\/image\\\/\",\"url\":\"https:\\\/\\\/orin.coffee\\\/wp-content\\\/uploads\\\/ele-custom-shapes\\\/orin-logo-alternative.png\",\"contentUrl\":\"https:\\\/\\\/orin.coffee\\\/wp-content\\\/uploads\\\/ele-custom-shapes\\\/orin-logo-alternative.png\",\"width\":400,\"height\":300,\"caption\":\"Orin Coffee\"},\"image\":{\"@id\":\"https:\\\/\\\/orin.coffee\\\/#\\\/schema\\\/logo\\\/image\\\/\"},\"sameAs\":[\"https:\\\/\\\/www.facebook.com\\\/OrinCoffee.si\",\"https:\\\/\\\/www.instagram.com\\\/orincoffee.si\"]}]}<\/script>\n<!-- \/ Yoast SEO plugin. -->","yoast_head_json":{"title":"Lon\u010dek za penjenje mleka - \u00d8rin Coffee","description":"PULY CAFF Plus je vrhunski \u010distilni pra\u0161ek, zasnovan posebej za u\u010dinkovito odstranjevanje kavne ma\u0161\u010dobe in ostankov iz ventilov, grup, ro\u010dk, filtrov, skodelic ter drugih delov kavnega aparata.","robots":{"index":"index","follow":"follow","max-snippet":"max-snippet:-1","max-image-preview":"max-image-preview:large","max-video-preview":"max-video-preview:-1"},"canonical":"https:\/\/orin.coffee\/en\/shop\/loncek-za-penjenje-mleka\/","og_locale":"en_US","og_type":"article","og_title":"Lon\u010dek za penjenje mleka - \u00d8rin Coffee","og_description":"PULY CAFF Plus je vrhunski \u010distilni pra\u0161ek, zasnovan posebej za u\u010dinkovito odstranjevanje kavne ma\u0161\u010dobe in ostankov iz ventilov, grup, ro\u010dk, filtrov, skodelic ter drugih delov kavnega aparata.","og_url":"https:\/\/orin.coffee\/en\/shop\/loncek-za-penjenje-mleka\/","og_site_name":"\u00d8rin Coffee","article_publisher":"https:\/\/www.facebook.com\/OrinCoffee.si","article_modified_time":"2025-08-05T21:56:43+00:00","twitter_card":"summary_large_image","twitter_misc":{"Est. reading time":"1 minute"},"schema":{"@context":"https:\/\/schema.org","@graph":[{"@type":"WebPage","@id":"https:\/\/orin.coffee\/shop\/loncek-za-penjenje-mleka\/","url":"https:\/\/orin.coffee\/shop\/loncek-za-penjenje-mleka\/","name":"Lon\u010dek za penjenje mleka - \u00d8rin Coffee","isPartOf":{"@id":"https:\/\/orin.coffee\/#website"},"primaryImageOfPage":{"@id":"https:\/\/orin.coffee\/shop\/loncek-za-penjenje-mleka\/#primaryimage"},"image":{"@id":"https:\/\/orin.coffee\/shop\/loncek-za-penjenje-mleka\/#primaryimage"},"thumbnailUrl":"https:\/\/orin.coffee\/wp-content\/uploads\/ele-custom-shapes\/ORIN-Coffee-mlecni-pitcher-\u2013-barista-oprema.avif","datePublished":"2025-08-05T15:05:27+00:00","dateModified":"2025-08-05T21:56:43+00:00","description":"PULY CAFF Plus je vrhunski \u010distilni pra\u0161ek, zasnovan posebej za u\u010dinkovito odstranjevanje kavne ma\u0161\u010dobe in ostankov iz ventilov, grup, ro\u010dk, filtrov, skodelic ter drugih delov kavnega aparata.","breadcrumb":{"@id":"https:\/\/orin.coffee\/shop\/loncek-za-penjenje-mleka\/#breadcrumb"},"inLanguage":"en-US","potentialAction":[{"@type":"ReadAction","target":["https:\/\/orin.coffee\/shop\/loncek-za-penjenje-mleka\/"]}]},{"@type":"ImageObject","inLanguage":"en-US","@id":"https:\/\/orin.coffee\/shop\/loncek-za-penjenje-mleka\/#primaryimage","url":"https:\/\/orin.coffee\/wp-content\/uploads\/ele-custom-shapes\/ORIN-Coffee-mlecni-pitcher-\u2013-barista-oprema.avif","contentUrl":"https:\/\/orin.coffee\/wp-content\/uploads\/ele-custom-shapes\/ORIN-Coffee-mlecni-pitcher-\u2013-barista-oprema.avif","width":600,"height":600,"caption":"Minimalisti\u010den mle\u010dni vr\u010d ORIN Coffee za popolno penjenje mleka in latte art."},{"@type":"BreadcrumbList","@id":"https:\/\/orin.coffee\/shop\/loncek-za-penjenje-mleka\/#breadcrumb","itemListElement":[{"@type":"ListItem","position":1,"name":"Home","item":"https:\/\/orin.coffee\/"},{"@type":"ListItem","position":2,"name":"Shop","item":"https:\/\/orin.coffee\/shop\/"},{"@type":"ListItem","position":3,"name":"Lon\u010dek za penjenje mleka"}]},{"@type":"WebSite","@id":"https:\/\/orin.coffee\/#website","url":"https:\/\/orin.coffee\/","name":"Orin Coffee","description":"Clean. Fresh. Redefined Coffee.","publisher":{"@id":"https:\/\/orin.coffee\/#organization"},"potentialAction":[{"@type":"SearchAction","target":{"@type":"EntryPoint","urlTemplate":"https:\/\/orin.coffee\/?s={search_term_string}"},"query-input":{"@type":"PropertyValueSpecification","valueRequired":true,"valueName":"search_term_string"}}],"inLanguage":"en-US"},{"@type":"Organization","@id":"https:\/\/orin.coffee\/#organization","name":"Orin Coffee","url":"https:\/\/orin.coffee\/","logo":{"@type":"ImageObject","inLanguage":"en-US","@id":"https:\/\/orin.coffee\/#\/schema\/logo\/image\/","url":"https:\/\/orin.coffee\/wp-content\/uploads\/ele-custom-shapes\/orin-logo-alternative.png","contentUrl":"https:\/\/orin.coffee\/wp-content\/uploads\/ele-custom-shapes\/orin-logo-alternative.png","width":400,"height":300,"caption":"Orin Coffee"},"image":{"@id":"https:\/\/orin.coffee\/#\/schema\/logo\/image\/"},"sameAs":["https:\/\/www.facebook.com\/OrinCoffee.si","https:\/\/www.instagram.com\/orincoffee.si"]}]}},"_links":{"self":[{"href":"https:\/\/orin.coffee\/en\/wp-json\/wp\/v2\/product\/4584","targetHints":{"allow":["GET"]}}],"collection":[{"href":"https:\/\/orin.coffee\/en\/wp-json\/wp\/v2\/product"}],"about":[{"href":"https:\/\/orin.coffee\/en\/wp-json\/wp\/v2\/types\/product"}],"replies":[{"embeddable":true,"href":"https:\/\/orin.coffee\/en\/wp-json\/wp\/v2\/comments?post=4584"}],"version-history":[{"count":1,"href":"https:\/\/orin.coffee\/en\/wp-json\/wp\/v2\/product\/4584\/revisions"}],"predecessor-version":[{"id":4598,"href":"https:\/\/orin.coffee\/en\/wp-json\/wp\/v2\/product\/4584\/revisions\/4598"}],"wp:featuredmedia":[{"embeddable":true,"href":"https:\/\/orin.coffee\/en\/wp-json\/wp\/v2\/media\/4594"}],"wp:attachment":[{"href":"https:\/\/orin.coffee\/en\/wp-json\/wp\/v2\/media?parent=4584"}],"wp:term":[{"taxonomy":"product_cat","embeddable":true,"href":"https:\/\/orin.coffee\/en\/wp-json\/wp\/v2\/product_cat?post=4584"},{"taxonomy":"product_tag","embeddable":true,"href":"https:\/\/orin.coffee\/en\/wp-json\/wp\/v2\/product_tag?post=4584"}],"curies":[{"name":"wp","href":"https:\/\/api.w.org\/{rel}","templated":true}]}}