{"id":4600,"date":"2025-08-05T22:22:21","date_gmt":"2025-08-05T20:22:21","guid":{"rendered":"https:\/\/orin.coffee\/?post_type=product&#038;p=4600"},"modified":"2025-08-07T12:57:30","modified_gmt":"2025-08-07T10:57:30","slug":"cupping-spoon","status":"publish","type":"product","link":"https:\/\/orin.coffee\/en\/shop\/cupping-spoon\/","title":{"rendered":"Cupping spoon"},"content":{"rendered":"<p>A cupping spoon is an indispensable tool in the world of specialty coffee. It is used in cupping - a professional tasting process that evaluates the quality of coffee, identifies aromatic notes and detects any errors in taste.<\/p>\n<p>Made of high-quality stainless steel, it does not affect the aroma and taste. Its shape allows you to capture the right amount of coffee, and the rim is shaped to allow for smooth sipping without damaging your tongue or lips.<\/p>\n<p>It is suitable for professional tastings in roasteries, cafes and competitions, as well as for home coffee lovers who want to perfect their taste.<\/p>\n<p>Advantages:<\/p>\n<ul>\n<li>Made of stainless steel - durable and resistant<\/li>\n<li>Does not affect the taste of coffee<\/li>\n<li>The right depth and width to capture the ideal amount of coffee<\/li>\n<li>Suitable for professional and home use<\/li>\n<\/ul>","protected":false},"excerpt":{"rendered":"<p>A professional cupping spoon designed for precise tasting and evaluation of coffee. Ideal for baristas, roasters and true coffee lovers who want to discover all the nuances of flavor.<\/p>","protected":false},"featured_media":4602,"comment_status":"open","ping_status":"closed","template":"","meta":[],"product_cat":[100,101],"product_tag":[],"class_list":{"0":"post-4600","1":"product","2":"type-product","3":"status-publish","4":"has-post-thumbnail","6":"product_cat-oprema-za-kavo","7":"product_cat-podpora-za-podjetja","9":"first","10":"instock","11":"sale","12":"taxable","13":"shipping-taxable","14":"purchasable","15":"product-type-simple"},"yoast_head":"<!-- This site is optimized with the Yoast SEO plugin v27.5 - https:\/\/yoast.com\/product\/yoast-seo-wordpress\/ -->\n<title>Cupping spoon - \u00d8rin Coffee<\/title>\n<meta name=\"description\" content=\"PULY CAFF Plus je vrhunski \u010distilni pra\u0161ek, zasnovan posebej za u\u010dinkovito odstranjevanje kavne ma\u0161\u010dobe in ostankov iz ventilov, grup, ro\u010dk, filtrov, skodelic ter drugih delov kavnega aparata.\" \/>\n<meta name=\"robots\" content=\"index, follow, max-snippet:-1, max-image-preview:large, max-video-preview:-1\" \/>\n<link rel=\"canonical\" href=\"https:\/\/orin.coffee\/en\/shop\/cupping-spoon\/\" \/>\n<meta property=\"og:locale\" content=\"en_US\" \/>\n<meta property=\"og:type\" content=\"article\" \/>\n<meta property=\"og:title\" content=\"Cupping spoon - \u00d8rin Coffee\" \/>\n<meta property=\"og:description\" content=\"PULY CAFF Plus je vrhunski \u010distilni pra\u0161ek, zasnovan posebej za u\u010dinkovito odstranjevanje kavne ma\u0161\u010dobe in ostankov iz ventilov, grup, ro\u010dk, filtrov, skodelic ter drugih delov kavnega aparata.\" \/>\n<meta property=\"og:url\" content=\"https:\/\/orin.coffee\/en\/shop\/cupping-spoon\/\" \/>\n<meta property=\"og:site_name\" content=\"\u00d8rin Coffee\" \/>\n<meta property=\"article:publisher\" content=\"https:\/\/www.facebook.com\/OrinCoffee.si\" \/>\n<meta property=\"article:modified_time\" content=\"2025-08-07T10:57:30+00:00\" \/>\n<meta name=\"twitter:card\" content=\"summary_large_image\" \/>\n<meta name=\"twitter:label1\" content=\"Est. reading time\" \/>\n\t<meta name=\"twitter:data1\" content=\"1 minute\" \/>\n<script type=\"application\/ld+json\" class=\"yoast-schema-graph\">{\"@context\":\"https:\\\/\\\/schema.org\",\"@graph\":[{\"@type\":\"WebPage\",\"@id\":\"https:\\\/\\\/orin.coffee\\\/shop\\\/cupping-spoon\\\/\",\"url\":\"https:\\\/\\\/orin.coffee\\\/shop\\\/cupping-spoon\\\/\",\"name\":\"Cupping spoon - \u00d8rin Coffee\",\"isPartOf\":{\"@id\":\"https:\\\/\\\/orin.coffee\\\/#website\"},\"primaryImageOfPage\":{\"@id\":\"https:\\\/\\\/orin.coffee\\\/shop\\\/cupping-spoon\\\/#primaryimage\"},\"image\":{\"@id\":\"https:\\\/\\\/orin.coffee\\\/shop\\\/cupping-spoon\\\/#primaryimage\"},\"thumbnailUrl\":\"https:\\\/\\\/orin.coffee\\\/wp-content\\\/uploads\\\/ele-custom-shapes\\\/orin-coffee-zlica-za-okusanje-kave-cupping-spoon.avif\",\"datePublished\":\"2025-08-05T20:22:21+00:00\",\"dateModified\":\"2025-08-07T10:57:30+00:00\",\"description\":\"PULY CAFF Plus je vrhunski \u010distilni pra\u0161ek, zasnovan posebej za u\u010dinkovito odstranjevanje kavne ma\u0161\u010dobe in ostankov iz ventilov, grup, ro\u010dk, filtrov, skodelic ter drugih delov kavnega aparata.\",\"breadcrumb\":{\"@id\":\"https:\\\/\\\/orin.coffee\\\/shop\\\/cupping-spoon\\\/#breadcrumb\"},\"inLanguage\":\"en-US\",\"potentialAction\":[{\"@type\":\"ReadAction\",\"target\":[\"https:\\\/\\\/orin.coffee\\\/shop\\\/cupping-spoon\\\/\"]}]},{\"@type\":\"ImageObject\",\"inLanguage\":\"en-US\",\"@id\":\"https:\\\/\\\/orin.coffee\\\/shop\\\/cupping-spoon\\\/#primaryimage\",\"url\":\"https:\\\/\\\/orin.coffee\\\/wp-content\\\/uploads\\\/ele-custom-shapes\\\/orin-coffee-zlica-za-okusanje-kave-cupping-spoon.avif\",\"contentUrl\":\"https:\\\/\\\/orin.coffee\\\/wp-content\\\/uploads\\\/ele-custom-shapes\\\/orin-coffee-zlica-za-okusanje-kave-cupping-spoon.avif\",\"width\":600,\"height\":600,\"caption\":\"Profesionalna cupping \u017elica, zasnovana za natan\u010dno oku\u0161anje in ocenjevanje kave. Idealna za bariste, pra\u017earje in prave ljubitelje kave, ki \u017eelijo odkriti vse odtenke okusa.\"},{\"@type\":\"BreadcrumbList\",\"@id\":\"https:\\\/\\\/orin.coffee\\\/shop\\\/cupping-spoon\\\/#breadcrumb\",\"itemListElement\":[{\"@type\":\"ListItem\",\"position\":1,\"name\":\"Home\",\"item\":\"https:\\\/\\\/orin.coffee\\\/\"},{\"@type\":\"ListItem\",\"position\":2,\"name\":\"Shop\",\"item\":\"https:\\\/\\\/orin.coffee\\\/shop\\\/\"},{\"@type\":\"ListItem\",\"position\":3,\"name\":\"Cupping spoon\"}]},{\"@type\":\"WebSite\",\"@id\":\"https:\\\/\\\/orin.coffee\\\/#website\",\"url\":\"https:\\\/\\\/orin.coffee\\\/\",\"name\":\"Orin Coffee\",\"description\":\"Clean. Fresh. Redefined Coffee.\",\"publisher\":{\"@id\":\"https:\\\/\\\/orin.coffee\\\/#organization\"},\"potentialAction\":[{\"@type\":\"SearchAction\",\"target\":{\"@type\":\"EntryPoint\",\"urlTemplate\":\"https:\\\/\\\/orin.coffee\\\/?s={search_term_string}\"},\"query-input\":{\"@type\":\"PropertyValueSpecification\",\"valueRequired\":true,\"valueName\":\"search_term_string\"}}],\"inLanguage\":\"en-US\"},{\"@type\":\"Organization\",\"@id\":\"https:\\\/\\\/orin.coffee\\\/#organization\",\"name\":\"Orin Coffee\",\"url\":\"https:\\\/\\\/orin.coffee\\\/\",\"logo\":{\"@type\":\"ImageObject\",\"inLanguage\":\"en-US\",\"@id\":\"https:\\\/\\\/orin.coffee\\\/#\\\/schema\\\/logo\\\/image\\\/\",\"url\":\"https:\\\/\\\/orin.coffee\\\/wp-content\\\/uploads\\\/ele-custom-shapes\\\/orin-logo-alternative.png\",\"contentUrl\":\"https:\\\/\\\/orin.coffee\\\/wp-content\\\/uploads\\\/ele-custom-shapes\\\/orin-logo-alternative.png\",\"width\":400,\"height\":300,\"caption\":\"Orin Coffee\"},\"image\":{\"@id\":\"https:\\\/\\\/orin.coffee\\\/#\\\/schema\\\/logo\\\/image\\\/\"},\"sameAs\":[\"https:\\\/\\\/www.facebook.com\\\/OrinCoffee.si\",\"https:\\\/\\\/www.instagram.com\\\/orincoffee.si\"]}]}<\/script>\n<!-- \/ Yoast SEO plugin. -->","yoast_head_json":{"title":"Cupping spoon - \u00d8rin Coffee","description":"PULY CAFF Plus je vrhunski \u010distilni pra\u0161ek, zasnovan posebej za u\u010dinkovito odstranjevanje kavne ma\u0161\u010dobe in ostankov iz ventilov, grup, ro\u010dk, filtrov, skodelic ter drugih delov kavnega aparata.","robots":{"index":"index","follow":"follow","max-snippet":"max-snippet:-1","max-image-preview":"max-image-preview:large","max-video-preview":"max-video-preview:-1"},"canonical":"https:\/\/orin.coffee\/en\/shop\/cupping-spoon\/","og_locale":"en_US","og_type":"article","og_title":"Cupping spoon - \u00d8rin Coffee","og_description":"PULY CAFF Plus je vrhunski \u010distilni pra\u0161ek, zasnovan posebej za u\u010dinkovito odstranjevanje kavne ma\u0161\u010dobe in ostankov iz ventilov, grup, ro\u010dk, filtrov, skodelic ter drugih delov kavnega aparata.","og_url":"https:\/\/orin.coffee\/en\/shop\/cupping-spoon\/","og_site_name":"\u00d8rin Coffee","article_publisher":"https:\/\/www.facebook.com\/OrinCoffee.si","article_modified_time":"2025-08-07T10:57:30+00:00","twitter_card":"summary_large_image","twitter_misc":{"Est. reading time":"1 minute"},"schema":{"@context":"https:\/\/schema.org","@graph":[{"@type":"WebPage","@id":"https:\/\/orin.coffee\/shop\/cupping-spoon\/","url":"https:\/\/orin.coffee\/shop\/cupping-spoon\/","name":"Cupping spoon - \u00d8rin Coffee","isPartOf":{"@id":"https:\/\/orin.coffee\/#website"},"primaryImageOfPage":{"@id":"https:\/\/orin.coffee\/shop\/cupping-spoon\/#primaryimage"},"image":{"@id":"https:\/\/orin.coffee\/shop\/cupping-spoon\/#primaryimage"},"thumbnailUrl":"https:\/\/orin.coffee\/wp-content\/uploads\/ele-custom-shapes\/orin-coffee-zlica-za-okusanje-kave-cupping-spoon.avif","datePublished":"2025-08-05T20:22:21+00:00","dateModified":"2025-08-07T10:57:30+00:00","description":"PULY CAFF Plus je vrhunski \u010distilni pra\u0161ek, zasnovan posebej za u\u010dinkovito odstranjevanje kavne ma\u0161\u010dobe in ostankov iz ventilov, grup, ro\u010dk, filtrov, skodelic ter drugih delov kavnega aparata.","breadcrumb":{"@id":"https:\/\/orin.coffee\/shop\/cupping-spoon\/#breadcrumb"},"inLanguage":"en-US","potentialAction":[{"@type":"ReadAction","target":["https:\/\/orin.coffee\/shop\/cupping-spoon\/"]}]},{"@type":"ImageObject","inLanguage":"en-US","@id":"https:\/\/orin.coffee\/shop\/cupping-spoon\/#primaryimage","url":"https:\/\/orin.coffee\/wp-content\/uploads\/ele-custom-shapes\/orin-coffee-zlica-za-okusanje-kave-cupping-spoon.avif","contentUrl":"https:\/\/orin.coffee\/wp-content\/uploads\/ele-custom-shapes\/orin-coffee-zlica-za-okusanje-kave-cupping-spoon.avif","width":600,"height":600,"caption":"Profesionalna cupping \u017elica, zasnovana za natan\u010dno oku\u0161anje in ocenjevanje kave. Idealna za bariste, pra\u017earje in prave ljubitelje kave, ki \u017eelijo odkriti vse odtenke okusa."},{"@type":"BreadcrumbList","@id":"https:\/\/orin.coffee\/shop\/cupping-spoon\/#breadcrumb","itemListElement":[{"@type":"ListItem","position":1,"name":"Home","item":"https:\/\/orin.coffee\/"},{"@type":"ListItem","position":2,"name":"Shop","item":"https:\/\/orin.coffee\/shop\/"},{"@type":"ListItem","position":3,"name":"Cupping spoon"}]},{"@type":"WebSite","@id":"https:\/\/orin.coffee\/#website","url":"https:\/\/orin.coffee\/","name":"Orin Coffee","description":"Clean. Fresh. Redefined Coffee.","publisher":{"@id":"https:\/\/orin.coffee\/#organization"},"potentialAction":[{"@type":"SearchAction","target":{"@type":"EntryPoint","urlTemplate":"https:\/\/orin.coffee\/?s={search_term_string}"},"query-input":{"@type":"PropertyValueSpecification","valueRequired":true,"valueName":"search_term_string"}}],"inLanguage":"en-US"},{"@type":"Organization","@id":"https:\/\/orin.coffee\/#organization","name":"Orin Coffee","url":"https:\/\/orin.coffee\/","logo":{"@type":"ImageObject","inLanguage":"en-US","@id":"https:\/\/orin.coffee\/#\/schema\/logo\/image\/","url":"https:\/\/orin.coffee\/wp-content\/uploads\/ele-custom-shapes\/orin-logo-alternative.png","contentUrl":"https:\/\/orin.coffee\/wp-content\/uploads\/ele-custom-shapes\/orin-logo-alternative.png","width":400,"height":300,"caption":"Orin Coffee"},"image":{"@id":"https:\/\/orin.coffee\/#\/schema\/logo\/image\/"},"sameAs":["https:\/\/www.facebook.com\/OrinCoffee.si","https:\/\/www.instagram.com\/orincoffee.si"]}]}},"_links":{"self":[{"href":"https:\/\/orin.coffee\/en\/wp-json\/wp\/v2\/product\/4600","targetHints":{"allow":["GET"]}}],"collection":[{"href":"https:\/\/orin.coffee\/en\/wp-json\/wp\/v2\/product"}],"about":[{"href":"https:\/\/orin.coffee\/en\/wp-json\/wp\/v2\/types\/product"}],"replies":[{"embeddable":true,"href":"https:\/\/orin.coffee\/en\/wp-json\/wp\/v2\/comments?post=4600"}],"version-history":[{"count":1,"href":"https:\/\/orin.coffee\/en\/wp-json\/wp\/v2\/product\/4600\/revisions"}],"predecessor-version":[{"id":4603,"href":"https:\/\/orin.coffee\/en\/wp-json\/wp\/v2\/product\/4600\/revisions\/4603"}],"wp:featuredmedia":[{"embeddable":true,"href":"https:\/\/orin.coffee\/en\/wp-json\/wp\/v2\/media\/4602"}],"wp:attachment":[{"href":"https:\/\/orin.coffee\/en\/wp-json\/wp\/v2\/media?parent=4600"}],"wp:term":[{"taxonomy":"product_cat","embeddable":true,"href":"https:\/\/orin.coffee\/en\/wp-json\/wp\/v2\/product_cat?post=4600"},{"taxonomy":"product_tag","embeddable":true,"href":"https:\/\/orin.coffee\/en\/wp-json\/wp\/v2\/product_tag?post=4600"}],"curies":[{"name":"wp","href":"https:\/\/api.w.org\/{rel}","templated":true}]}}