




{"id":5252,"date":"2025-08-09T22:50:47","date_gmt":"2025-08-09T20:50:47","guid":{"rendered":"https:\/\/orin.coffee\/?post_type=product&#038;p=5252"},"modified":"2025-08-09T23:24:03","modified_gmt":"2025-08-09T21:24:03","slug":"digitalna-pametna-tehtnica-za-kavo","status":"publish","type":"product","link":"https:\/\/orin.coffee\/en\/shop\/digitalna-pametna-tehtnica-za-kavo\/","title":{"rendered":"Digital Smart Coffee Scale"},"content":{"rendered":"<h2>Digital Coffee Scale<\/h2>\n<p>A digital coffee scale is an indispensable tool for anyone who wants to extract the best flavor from their coffee beans. With its high accuracy (0.1 g) and fast response, it allows complete control over the amount of coffee and water in every recipe.<\/p>\n<p>The compact and elegant design fits into any kitchen or caf\u00e9, and the illuminated LCD display ensures excellent readability in all lighting conditions.<\/p>\n<p>The built-in timer allows you to measure the extraction time \u2013 perfect for espresso or pour-over preparation.<\/p>\n<p>Advantages:<\/p>\n<ul>\n<li>Accuracy up to 0.1 g \u2013 the perfect measure for the best taste<\/li>\n<li>Built-in timer \u2013 control over coffee brewing time<\/li>\n<li>Backlit LCD display \u2013 clear display of weight and time<\/li>\n<\/ul>\n<p>Technical features:<\/p>\n<ul>\n<li>Measuring range: up to 3 kg<\/li>\n<li>Accuracy: 0.1g<\/li>\n<li>Power supply: AAA batteries (included)<\/li>\n<li>Tare function<\/li>\n<\/ul>","protected":false},"excerpt":{"rendered":"<p>Perfect coffee requires perfect measurement. Our digital scale provides:<\/p>\n<ul>\n<li>exceptional precision,<\/li>\n<li>quick response,<\/li>\n<li>easy to use.<\/li>\n<\/ul>\n<p>Ideal for home baristas and professionals.<\/p>","protected":false},"featured_media":5254,"comment_status":"open","ping_status":"closed","template":"","meta":[],"product_cat":[100,101],"product_tag":[],"class_list":{"0":"post-5252","1":"product","2":"type-product","3":"status-publish","4":"has-post-thumbnail","6":"product_cat-oprema-za-kavo","7":"product_cat-podpora-za-podjetja","9":"first","10":"instock","11":"sale","12":"taxable","13":"shipping-taxable","14":"purchasable","15":"product-type-simple"},"yoast_head":"<!-- This site is optimized with the Yoast SEO plugin v27.4 - https:\/\/yoast.com\/product\/yoast-seo-wordpress\/ -->\n<title>Digitalna pametna tehtnica za kavo - \u00d8rin Coffee<\/title>\n<meta name=\"robots\" content=\"index, follow, max-snippet:-1, max-image-preview:large, max-video-preview:-1\" \/>\n<link rel=\"canonical\" href=\"https:\/\/orin.coffee\/en\/shop\/digitalna-pametna-tehtnica-za-kavo\/\" \/>\n<meta property=\"og:locale\" content=\"en_US\" \/>\n<meta property=\"og:type\" content=\"article\" \/>\n<meta property=\"og:title\" content=\"Digitalna pametna tehtnica za kavo - \u00d8rin Coffee\" \/>\n<meta property=\"og:description\" content=\"Za popolno kavo je potrebna popolna mera. Na\u0161a digitalna tehtnica zagotavlja:   izjemno natan\u010dnost,  hitro odzivnost,  enostavno uporabo.  Idealna za doma\u010de bariste in profesionalce.\" \/>\n<meta property=\"og:url\" content=\"https:\/\/orin.coffee\/en\/shop\/digitalna-pametna-tehtnica-za-kavo\/\" \/>\n<meta property=\"og:site_name\" content=\"\u00d8rin Coffee\" \/>\n<meta property=\"article:publisher\" content=\"https:\/\/www.facebook.com\/OrinCoffee.si\" \/>\n<meta property=\"article:modified_time\" content=\"2025-08-09T21:24:03+00:00\" \/>\n<meta name=\"twitter:card\" content=\"summary_large_image\" \/>\n<meta name=\"twitter:label1\" content=\"Est. reading time\" \/>\n\t<meta name=\"twitter:data1\" content=\"1 minute\" \/>\n<script type=\"application\/ld+json\" class=\"yoast-schema-graph\">{\"@context\":\"https:\\\/\\\/schema.org\",\"@graph\":[{\"@type\":\"WebPage\",\"@id\":\"https:\\\/\\\/orin.coffee\\\/shop\\\/digitalna-pametna-tehtnica-za-kavo\\\/\",\"url\":\"https:\\\/\\\/orin.coffee\\\/shop\\\/digitalna-pametna-tehtnica-za-kavo\\\/\",\"name\":\"Digitalna pametna tehtnica za kavo - \u00d8rin Coffee\",\"isPartOf\":{\"@id\":\"https:\\\/\\\/orin.coffee\\\/#website\"},\"primaryImageOfPage\":{\"@id\":\"https:\\\/\\\/orin.coffee\\\/shop\\\/digitalna-pametna-tehtnica-za-kavo\\\/#primaryimage\"},\"image\":{\"@id\":\"https:\\\/\\\/orin.coffee\\\/shop\\\/digitalna-pametna-tehtnica-za-kavo\\\/#primaryimage\"},\"thumbnailUrl\":\"https:\\\/\\\/orin.coffee\\\/wp-content\\\/uploads\\\/2025\\\/08\\\/orin-coffee-digital-scale-digitalna-tehtnica-za-kavo.avif\",\"datePublished\":\"2025-08-09T20:50:47+00:00\",\"dateModified\":\"2025-08-09T21:24:03+00:00\",\"breadcrumb\":{\"@id\":\"https:\\\/\\\/orin.coffee\\\/shop\\\/digitalna-pametna-tehtnica-za-kavo\\\/#breadcrumb\"},\"inLanguage\":\"en-US\",\"potentialAction\":[{\"@type\":\"ReadAction\",\"target\":[\"https:\\\/\\\/orin.coffee\\\/shop\\\/digitalna-pametna-tehtnica-za-kavo\\\/\"]}]},{\"@type\":\"ImageObject\",\"inLanguage\":\"en-US\",\"@id\":\"https:\\\/\\\/orin.coffee\\\/shop\\\/digitalna-pametna-tehtnica-za-kavo\\\/#primaryimage\",\"url\":\"https:\\\/\\\/orin.coffee\\\/wp-content\\\/uploads\\\/2025\\\/08\\\/orin-coffee-digital-scale-digitalna-tehtnica-za-kavo.avif\",\"contentUrl\":\"https:\\\/\\\/orin.coffee\\\/wp-content\\\/uploads\\\/2025\\\/08\\\/orin-coffee-digital-scale-digitalna-tehtnica-za-kavo.avif\",\"width\":600,\"height\":600},{\"@type\":\"BreadcrumbList\",\"@id\":\"https:\\\/\\\/orin.coffee\\\/shop\\\/digitalna-pametna-tehtnica-za-kavo\\\/#breadcrumb\",\"itemListElement\":[{\"@type\":\"ListItem\",\"position\":1,\"name\":\"Home\",\"item\":\"https:\\\/\\\/orin.coffee\\\/\"},{\"@type\":\"ListItem\",\"position\":2,\"name\":\"Shop\",\"item\":\"https:\\\/\\\/orin.coffee\\\/shop\\\/\"},{\"@type\":\"ListItem\",\"position\":3,\"name\":\"Digitalna pametna tehtnica za kavo\"}]},{\"@type\":\"WebSite\",\"@id\":\"https:\\\/\\\/orin.coffee\\\/#website\",\"url\":\"https:\\\/\\\/orin.coffee\\\/\",\"name\":\"Orin Coffee\",\"description\":\"Clean. Fresh. Redefined Coffee.\",\"publisher\":{\"@id\":\"https:\\\/\\\/orin.coffee\\\/#organization\"},\"potentialAction\":[{\"@type\":\"SearchAction\",\"target\":{\"@type\":\"EntryPoint\",\"urlTemplate\":\"https:\\\/\\\/orin.coffee\\\/?s={search_term_string}\"},\"query-input\":{\"@type\":\"PropertyValueSpecification\",\"valueRequired\":true,\"valueName\":\"search_term_string\"}}],\"inLanguage\":\"en-US\"},{\"@type\":\"Organization\",\"@id\":\"https:\\\/\\\/orin.coffee\\\/#organization\",\"name\":\"Orin Coffee\",\"url\":\"https:\\\/\\\/orin.coffee\\\/\",\"logo\":{\"@type\":\"ImageObject\",\"inLanguage\":\"en-US\",\"@id\":\"https:\\\/\\\/orin.coffee\\\/#\\\/schema\\\/logo\\\/image\\\/\",\"url\":\"https:\\\/\\\/orin.coffee\\\/wp-content\\\/uploads\\\/ele-custom-shapes\\\/orin-logo-alternative.png\",\"contentUrl\":\"https:\\\/\\\/orin.coffee\\\/wp-content\\\/uploads\\\/ele-custom-shapes\\\/orin-logo-alternative.png\",\"width\":400,\"height\":300,\"caption\":\"Orin Coffee\"},\"image\":{\"@id\":\"https:\\\/\\\/orin.coffee\\\/#\\\/schema\\\/logo\\\/image\\\/\"},\"sameAs\":[\"https:\\\/\\\/www.facebook.com\\\/OrinCoffee.si\",\"https:\\\/\\\/www.instagram.com\\\/orincoffee.si\"]}]}<\/script>\n<!-- \/ Yoast SEO plugin. -->","yoast_head_json":{"title":"Digitalna pametna tehtnica za kavo - \u00d8rin Coffee","robots":{"index":"index","follow":"follow","max-snippet":"max-snippet:-1","max-image-preview":"max-image-preview:large","max-video-preview":"max-video-preview:-1"},"canonical":"https:\/\/orin.coffee\/en\/shop\/digitalna-pametna-tehtnica-za-kavo\/","og_locale":"en_US","og_type":"article","og_title":"Digitalna pametna tehtnica za kavo - \u00d8rin Coffee","og_description":"Za popolno kavo je potrebna popolna mera. Na\u0161a digitalna tehtnica zagotavlja:   izjemno natan\u010dnost,  hitro odzivnost,  enostavno uporabo.  Idealna za doma\u010de bariste in profesionalce.","og_url":"https:\/\/orin.coffee\/en\/shop\/digitalna-pametna-tehtnica-za-kavo\/","og_site_name":"\u00d8rin Coffee","article_publisher":"https:\/\/www.facebook.com\/OrinCoffee.si","article_modified_time":"2025-08-09T21:24:03+00:00","twitter_card":"summary_large_image","twitter_misc":{"Est. reading time":"1 minute"},"schema":{"@context":"https:\/\/schema.org","@graph":[{"@type":"WebPage","@id":"https:\/\/orin.coffee\/shop\/digitalna-pametna-tehtnica-za-kavo\/","url":"https:\/\/orin.coffee\/shop\/digitalna-pametna-tehtnica-za-kavo\/","name":"Digitalna pametna tehtnica za kavo - \u00d8rin Coffee","isPartOf":{"@id":"https:\/\/orin.coffee\/#website"},"primaryImageOfPage":{"@id":"https:\/\/orin.coffee\/shop\/digitalna-pametna-tehtnica-za-kavo\/#primaryimage"},"image":{"@id":"https:\/\/orin.coffee\/shop\/digitalna-pametna-tehtnica-za-kavo\/#primaryimage"},"thumbnailUrl":"https:\/\/orin.coffee\/wp-content\/uploads\/2025\/08\/orin-coffee-digital-scale-digitalna-tehtnica-za-kavo.avif","datePublished":"2025-08-09T20:50:47+00:00","dateModified":"2025-08-09T21:24:03+00:00","breadcrumb":{"@id":"https:\/\/orin.coffee\/shop\/digitalna-pametna-tehtnica-za-kavo\/#breadcrumb"},"inLanguage":"en-US","potentialAction":[{"@type":"ReadAction","target":["https:\/\/orin.coffee\/shop\/digitalna-pametna-tehtnica-za-kavo\/"]}]},{"@type":"ImageObject","inLanguage":"en-US","@id":"https:\/\/orin.coffee\/shop\/digitalna-pametna-tehtnica-za-kavo\/#primaryimage","url":"https:\/\/orin.coffee\/wp-content\/uploads\/2025\/08\/orin-coffee-digital-scale-digitalna-tehtnica-za-kavo.avif","contentUrl":"https:\/\/orin.coffee\/wp-content\/uploads\/2025\/08\/orin-coffee-digital-scale-digitalna-tehtnica-za-kavo.avif","width":600,"height":600},{"@type":"BreadcrumbList","@id":"https:\/\/orin.coffee\/shop\/digitalna-pametna-tehtnica-za-kavo\/#breadcrumb","itemListElement":[{"@type":"ListItem","position":1,"name":"Home","item":"https:\/\/orin.coffee\/"},{"@type":"ListItem","position":2,"name":"Shop","item":"https:\/\/orin.coffee\/shop\/"},{"@type":"ListItem","position":3,"name":"Digitalna pametna tehtnica za kavo"}]},{"@type":"WebSite","@id":"https:\/\/orin.coffee\/#website","url":"https:\/\/orin.coffee\/","name":"Orin Coffee","description":"Clean. Fresh. Redefined Coffee.","publisher":{"@id":"https:\/\/orin.coffee\/#organization"},"potentialAction":[{"@type":"SearchAction","target":{"@type":"EntryPoint","urlTemplate":"https:\/\/orin.coffee\/?s={search_term_string}"},"query-input":{"@type":"PropertyValueSpecification","valueRequired":true,"valueName":"search_term_string"}}],"inLanguage":"en-US"},{"@type":"Organization","@id":"https:\/\/orin.coffee\/#organization","name":"Orin Coffee","url":"https:\/\/orin.coffee\/","logo":{"@type":"ImageObject","inLanguage":"en-US","@id":"https:\/\/orin.coffee\/#\/schema\/logo\/image\/","url":"https:\/\/orin.coffee\/wp-content\/uploads\/ele-custom-shapes\/orin-logo-alternative.png","contentUrl":"https:\/\/orin.coffee\/wp-content\/uploads\/ele-custom-shapes\/orin-logo-alternative.png","width":400,"height":300,"caption":"Orin Coffee"},"image":{"@id":"https:\/\/orin.coffee\/#\/schema\/logo\/image\/"},"sameAs":["https:\/\/www.facebook.com\/OrinCoffee.si","https:\/\/www.instagram.com\/orincoffee.si"]}]}},"_links":{"self":[{"href":"https:\/\/orin.coffee\/en\/wp-json\/wp\/v2\/product\/5252","targetHints":{"allow":["GET"]}}],"collection":[{"href":"https:\/\/orin.coffee\/en\/wp-json\/wp\/v2\/product"}],"about":[{"href":"https:\/\/orin.coffee\/en\/wp-json\/wp\/v2\/types\/product"}],"replies":[{"embeddable":true,"href":"https:\/\/orin.coffee\/en\/wp-json\/wp\/v2\/comments?post=5252"}],"version-history":[{"count":3,"href":"https:\/\/orin.coffee\/en\/wp-json\/wp\/v2\/product\/5252\/revisions"}],"predecessor-version":[{"id":5259,"href":"https:\/\/orin.coffee\/en\/wp-json\/wp\/v2\/product\/5252\/revisions\/5259"}],"wp:featuredmedia":[{"embeddable":true,"href":"https:\/\/orin.coffee\/en\/wp-json\/wp\/v2\/media\/5254"}],"wp:attachment":[{"href":"https:\/\/orin.coffee\/en\/wp-json\/wp\/v2\/media?parent=5252"}],"wp:term":[{"taxonomy":"product_cat","embeddable":true,"href":"https:\/\/orin.coffee\/en\/wp-json\/wp\/v2\/product_cat?post=5252"},{"taxonomy":"product_tag","embeddable":true,"href":"https:\/\/orin.coffee\/en\/wp-json\/wp\/v2\/product_tag?post=5252"}],"curies":[{"name":"wp","href":"https:\/\/api.w.org\/{rel}","templated":true}]}}